{"id":53,"date":"2023-02-14T21:16:02","date_gmt":"2023-02-14T21:16:02","guid":{"rendered":"https:\/\/pafnsasuncion2025.com\/?page_id=53"},"modified":"2025-05-13T15:35:14","modified_gmt":"2025-05-13T15:35:14","slug":"contactenos","status":"publish","type":"page","link":"https:\/\/pafns2027montevideo.com\/index.php\/contactenos\/","title":{"rendered":"Cont\u00e1ctenos"},"content":{"rendered":"<style>.elementor-53 .elementor-element.elementor-element-4029ae6{--spacer-size:50px;}.elementor-53 .elementor-element.elementor-element-b11d03c{text-align:center;}.elementor-53 .elementor-element.elementor-element-b11d03c .elementor-heading-title{font-family:\"Roboto\", Sans-serif;font-size:40px;font-weight:700;color:#450770;}.elementor-53 .elementor-element.elementor-element-b19b52d{font-family:\"Roboto\", Sans-serif;font-size:15px;font-weight:300;color:#450770;}.elementor-53 .elementor-element.elementor-element-41bc8b2{--spacer-size:20px;}.elementor-53 .elementor-element.elementor-element-ffe46c3{text-align:center;font-family:\"Roboto\", Sans-serif;font-size:20px;font-weight:900;color:#450770;}.elementor-53 .elementor-element.elementor-element-b73cff5:not(.elementor-motion-effects-element-type-background), .elementor-53 .elementor-element.elementor-element-b73cff5 > .elementor-motion-effects-container > .elementor-motion-effects-layer{background-color:#450770;}.elementor-53 .elementor-element.elementor-element-b73cff5{transition:background 0.3s, border 0.3s, border-radius 0.3s, box-shadow 0.3s;}.elementor-53 .elementor-element.elementor-element-b73cff5 > .elementor-background-overlay{transition:background 0.3s, border-radius 0.3s, opacity 0.3s;}.elementor-53 .elementor-element.elementor-element-c7cf775{--divider-border-style:solid;--divider-color:#FFFFFF;--divider-border-width:3.4px;}.elementor-53 .elementor-element.elementor-element-c7cf775 .elementor-divider-separator{width:100%;margin:0 auto;margin-center:0;}.elementor-53 .elementor-element.elementor-element-c7cf775 .elementor-divider{text-align:center;padding-block-start:9px;padding-block-end:9px;}.elementor-53 .elementor-element.elementor-element-d13d34f{--spacer-size:50px;}.elementor-53 .elementor-element.elementor-element-57ab7bd{text-align:center;}.elementor-53 .elementor-element.elementor-element-57ab7bd .elementor-heading-title{font-family:\"Roboto\", Sans-serif;font-size:45px;font-weight:700;color:#450770;}.elementor-53 .elementor-element.elementor-element-57ab7bd > .elementor-widget-container{margin:16px 16px 16px 16px;}.elementor-53 .elementor-element.elementor-element-7c9dddf{font-family:\"Roboto\", Sans-serif;font-size:15px;font-weight:300;color:#450770;}.elementor-53 .elementor-element.elementor-element-fb63fda .elementor-icon-box-wrapper{align-items:start;text-align:justify;gap:10px;}.elementor-53 .elementor-element.elementor-element-fb63fda.elementor-view-stacked .elementor-icon{background-color:#450770;fill:#FFFFFF;color:#FFFFFF;}.elementor-53 .elementor-element.elementor-element-fb63fda.elementor-view-framed .elementor-icon, .elementor-53 .elementor-element.elementor-element-fb63fda.elementor-view-default .elementor-icon{fill:#450770;color:#450770;border-color:#450770;}.elementor-53 .elementor-element.elementor-element-fb63fda.elementor-view-framed .elementor-icon{background-color:#FFFFFF;}.elementor-53 .elementor-element.elementor-element-fb63fda .elementor-icon{font-size:15px;}.elementor-53 .elementor-element.elementor-element-fb63fda .elementor-icon-box-title, .elementor-53 .elementor-element.elementor-element-fb63fda .elementor-icon-box-title a{font-family:\"Roboto\", Sans-serif;font-size:15px;font-weight:900;}.elementor-53 .elementor-element.elementor-element-fb63fda .elementor-icon-box-title{color:#450770;}.elementor-53 .elementor-element.elementor-element-fb63fda .elementor-icon-box-description{font-family:\"Roboto\", Sans-serif;font-size:15px;font-weight:400;color:var( --e-global-color-secondary );}.elementor-53 .elementor-element.elementor-element-cb8908e .elementor-icon-box-wrapper{align-items:start;text-align:justify;gap:10px;}.elementor-53 .elementor-element.elementor-element-cb8908e.elementor-view-stacked .elementor-icon{background-color:#450770;fill:#FFFFFF;color:#FFFFFF;}.elementor-53 .elementor-element.elementor-element-cb8908e.elementor-view-framed .elementor-icon, .elementor-53 .elementor-element.elementor-element-cb8908e.elementor-view-default .elementor-icon{fill:#450770;color:#450770;border-color:#450770;}.elementor-53 .elementor-element.elementor-element-cb8908e.elementor-view-framed .elementor-icon{background-color:#FFFFFF;}.elementor-53 .elementor-element.elementor-element-cb8908e .elementor-icon{font-size:15px;}.elementor-53 .elementor-element.elementor-element-cb8908e .elementor-icon-box-title, .elementor-53 .elementor-element.elementor-element-cb8908e .elementor-icon-box-title a{font-family:\"Roboto\", Sans-serif;font-size:18px;font-weight:900;}.elementor-53 .elementor-element.elementor-element-cb8908e .elementor-icon-box-title{color:#450770;}.elementor-53 .elementor-element.elementor-element-cb8908e .elementor-icon-box-description{font-family:\"Roboto\", Sans-serif;font-size:15px;font-weight:400;color:var( --e-global-color-secondary );}.elementor-53 .elementor-element.elementor-element-bd11709 .elementor-icon-box-wrapper{align-items:start;text-align:justify;gap:10px;}.elementor-53 .elementor-element.elementor-element-bd11709.elementor-view-stacked .elementor-icon{background-color:#450770;fill:#FFFFFF;color:#FFFFFF;}.elementor-53 .elementor-element.elementor-element-bd11709.elementor-view-framed .elementor-icon, .elementor-53 .elementor-element.elementor-element-bd11709.elementor-view-default .elementor-icon{fill:#450770;color:#450770;border-color:#450770;}.elementor-53 .elementor-element.elementor-element-bd11709.elementor-view-framed .elementor-icon{background-color:#FFFFFF;}.elementor-53 .elementor-element.elementor-element-bd11709 .elementor-icon{font-size:15px;}.elementor-53 .elementor-element.elementor-element-bd11709 .elementor-icon-box-title, .elementor-53 .elementor-element.elementor-element-bd11709 .elementor-icon-box-title a{font-family:\"Roboto\", Sans-serif;font-size:15px;font-weight:900;}.elementor-53 .elementor-element.elementor-element-bd11709 .elementor-icon-box-title{color:#450770;}.elementor-53 .elementor-element.elementor-element-bd11709 .elementor-icon-box-description{font-family:\"Roboto\", Sans-serif;font-size:15px;font-weight:400;color:var( --e-global-color-secondary );}.elementor-53 .elementor-element.elementor-element-2d8e5de{--grid-template-columns:repeat(0, auto);--icon-size:18px;--grid-column-gap:5px;--grid-row-gap:0px;}.elementor-53 .elementor-element.elementor-element-2d8e5de .elementor-widget-container{text-align:center;}.elementor-53 .elementor-element.elementor-element-2d8e5de .elementor-social-icon{background-color:#450770;}.elementor-53 .elementor-element.elementor-element-2d8e5de > .elementor-widget-container{margin:18px 18px 18px 18px;}.elementor-53 .elementor-element.elementor-element-4dfd231:not(.elementor-motion-effects-element-type-background), .elementor-53 .elementor-element.elementor-element-4dfd231 > .elementor-motion-effects-container > .elementor-motion-effects-layer{background-color:#450770;}.elementor-53 .elementor-element.elementor-element-4dfd231{transition:background 0.3s, border 0.3s, border-radius 0.3s, box-shadow 0.3s;}.elementor-53 .elementor-element.elementor-element-4dfd231 > .elementor-background-overlay{transition:background 0.3s, border-radius 0.3s, opacity 0.3s;}.elementor-53 .elementor-element.elementor-element-53c6845{--divider-border-style:solid;--divider-color:#FFFFFF;--divider-border-width:3.4px;}.elementor-53 .elementor-element.elementor-element-53c6845 .elementor-divider-separator{width:100%;margin:0 auto;margin-center:0;}.elementor-53 .elementor-element.elementor-element-53c6845 .elementor-divider{text-align:center;padding-block-start:9px;padding-block-end:9px;}:root{--page-title-display:none;}@media(min-width:768px){.elementor-53 .elementor-element.elementor-element-957309d{width:50.285%;}.elementor-53 .elementor-element.elementor-element-ef8bdb9{width:49.715%;}}<\/style>\t\t<div data-elementor-type=\"wp-page\" data-elementor-id=\"53\" class=\"elementor elementor-53\" data-elementor-post-type=\"page\">\n\t\t\t\t\t\t<section class=\"elementor-section elementor-top-section elementor-element elementor-element-a16ff1f elementor-section-boxed elementor-section-height-default elementor-section-height-default\" data-id=\"a16ff1f\" data-element_type=\"section\" data-e-type=\"section\">\n\t\t\t\t\t\t<div class=\"elementor-container elementor-column-gap-default\">\n\t\t\t\t\t<div class=\"elementor-column elementor-col-100 elementor-top-column elementor-element elementor-element-ed6cbc0\" data-id=\"ed6cbc0\" data-element_type=\"column\" data-e-type=\"column\">\n\t\t\t<div class=\"elementor-widget-wrap elementor-element-populated\">\n\t\t\t\t\t\t<div class=\"elementor-element elementor-element-4029ae6 elementor-widget elementor-widget-spacer\" data-id=\"4029ae6\" data-element_type=\"widget\" data-e-type=\"widget\" data-widget_type=\"spacer.default\">\n\t\t\t\t<div class=\"elementor-widget-container\">\n\t\t\t\t\t\t\t<div class=\"elementor-spacer\">\n\t\t\t<div class=\"elementor-spacer-inner\"><\/div>\n\t\t<\/div>\n\t\t\t\t\t\t<\/div>\n\t\t\t\t<\/div>\n\t\t\t\t<div class=\"elementor-element elementor-element-b11d03c elementor-widget elementor-widget-heading\" data-id=\"b11d03c\" data-element_type=\"widget\" data-e-type=\"widget\" data-widget_type=\"heading.default\">\n\t\t\t\t<div class=\"elementor-widget-container\">\n\t\t\t\t\t<h2 class=\"elementor-heading-title elementor-size-default\">\u00bfEN QU\u00c9 PODEMOS AYUDARTE?\n<\/h2>\t\t\t\t<\/div>\n\t\t\t\t<\/div>\n\t\t\t\t<div class=\"elementor-element elementor-element-b19b52d elementor-widget elementor-widget-text-editor\" data-id=\"b19b52d\" data-element_type=\"widget\" data-e-type=\"widget\" data-widget_type=\"text-editor.default\">\n\t\t\t\t<div class=\"elementor-widget-container\">\n\t\t\t\t\t\t\t\t\t<p>En el <b>Congreso Panamericano de Neurolog\u00eda<\/b>, estamos comprometidos con brindarte una experiencia enriquecedora. Ya sea que busques informaci\u00f3n sobre el programa, ponentes, inscripciones o cualquier otro detalle, estamos aqu\u00ed para ayudarte.\u00a0<\/p>\t\t\t\t\t\t\t\t<\/div>\n\t\t\t\t<\/div>\n\t\t\t\t<div class=\"elementor-element elementor-element-41bc8b2 elementor-widget elementor-widget-spacer\" data-id=\"41bc8b2\" data-element_type=\"widget\" data-e-type=\"widget\" data-widget_type=\"spacer.default\">\n\t\t\t\t<div class=\"elementor-widget-container\">\n\t\t\t\t\t\t\t<div class=\"elementor-spacer\">\n\t\t\t<div class=\"elementor-spacer-inner\"><\/div>\n\t\t<\/div>\n\t\t\t\t\t\t<\/div>\n\t\t\t\t<\/div>\n\t\t\t\t<div class=\"elementor-element elementor-element-ffe46c3 elementor-widget elementor-widget-text-editor\" data-id=\"ffe46c3\" data-element_type=\"widget\" data-e-type=\"widget\" data-widget_type=\"text-editor.default\">\n\t\t\t\t<div class=\"elementor-widget-container\">\n\t\t\t\t\t\t\t\t\t<p>\u00a1Cont\u00e1ctanos y haz que tu participaci\u00f3n sea inolvidable!<\/p>\t\t\t\t\t\t\t\t<\/div>\n\t\t\t\t<\/div>\n\t\t\t\t\t<\/div>\n\t\t<\/div>\n\t\t\t\t\t<\/div>\n\t\t<\/section>\n\t\t\t\t<section class=\"elementor-section elementor-top-section elementor-element elementor-element-b73cff5 elementor-section-boxed elementor-section-height-default elementor-section-height-default\" data-id=\"b73cff5\" data-element_type=\"section\" data-e-type=\"section\" data-settings=\"{&quot;background_background&quot;:&quot;classic&quot;}\">\n\t\t\t\t\t\t<div class=\"elementor-container elementor-column-gap-default\">\n\t\t\t\t\t<div class=\"elementor-column elementor-col-100 elementor-top-column elementor-element elementor-element-7fdd4fa\" data-id=\"7fdd4fa\" data-element_type=\"column\" data-e-type=\"column\">\n\t\t\t<div class=\"elementor-widget-wrap elementor-element-populated\">\n\t\t\t\t\t\t<div class=\"elementor-element elementor-element-c7cf775 elementor-widget-divider--view-line elementor-widget elementor-widget-divider\" data-id=\"c7cf775\" data-element_type=\"widget\" data-e-type=\"widget\" data-widget_type=\"divider.default\">\n\t\t\t\t<div class=\"elementor-widget-container\">\n\t\t\t\t\t\t\t<div class=\"elementor-divider\">\n\t\t\t<span class=\"elementor-divider-separator\">\n\t\t\t\t\t\t<\/span>\n\t\t<\/div>\n\t\t\t\t\t\t<\/div>\n\t\t\t\t<\/div>\n\t\t\t\t\t<\/div>\n\t\t<\/div>\n\t\t\t\t\t<\/div>\n\t\t<\/section>\n\t\t\t\t<section class=\"elementor-section elementor-top-section elementor-element elementor-element-05c5d6c elementor-section-boxed elementor-section-height-default elementor-section-height-default\" data-id=\"05c5d6c\" data-element_type=\"section\" data-e-type=\"section\">\n\t\t\t\t\t\t<div class=\"elementor-container elementor-column-gap-default\">\n\t\t\t\t\t<div class=\"elementor-column elementor-col-100 elementor-top-column elementor-element elementor-element-2406254\" data-id=\"2406254\" data-element_type=\"column\" data-e-type=\"column\">\n\t\t\t<div class=\"elementor-widget-wrap elementor-element-populated\">\n\t\t\t\t\t\t<div class=\"elementor-element elementor-element-d13d34f elementor-widget elementor-widget-spacer\" data-id=\"d13d34f\" data-element_type=\"widget\" data-e-type=\"widget\" data-widget_type=\"spacer.default\">\n\t\t\t\t<div class=\"elementor-widget-container\">\n\t\t\t\t\t\t\t<div class=\"elementor-spacer\">\n\t\t\t<div class=\"elementor-spacer-inner\"><\/div>\n\t\t<\/div>\n\t\t\t\t\t\t<\/div>\n\t\t\t\t<\/div>\n\t\t\t\t<div class=\"elementor-element elementor-element-57ab7bd elementor-widget elementor-widget-heading\" data-id=\"57ab7bd\" data-element_type=\"widget\" data-e-type=\"widget\" data-widget_type=\"heading.default\">\n\t\t\t\t<div class=\"elementor-widget-container\">\n\t\t\t\t\t<h2 class=\"elementor-heading-title elementor-size-default\">CONT\u00c1CTANOS<\/h2>\t\t\t\t<\/div>\n\t\t\t\t<\/div>\n\t\t\t\t\t<\/div>\n\t\t<\/div>\n\t\t\t\t\t<\/div>\n\t\t<\/section>\n\t\t\t\t<section class=\"elementor-section elementor-top-section elementor-element elementor-element-6488843 elementor-section-boxed elementor-section-height-default elementor-section-height-default\" data-id=\"6488843\" data-element_type=\"section\" data-e-type=\"section\">\n\t\t\t\t\t\t<div class=\"elementor-container elementor-column-gap-default\">\n\t\t\t\t\t<div class=\"elementor-column elementor-col-50 elementor-top-column elementor-element elementor-element-957309d\" data-id=\"957309d\" data-element_type=\"column\" data-e-type=\"column\">\n\t\t\t<div class=\"elementor-widget-wrap elementor-element-populated\">\n\t\t\t\t\t\t<div class=\"elementor-element elementor-element-0432817 elementor-widget elementor-widget-image\" data-id=\"0432817\" data-element_type=\"widget\" data-e-type=\"widget\" data-widget_type=\"image.default\">\n\t\t\t\t<div class=\"elementor-widget-container\">\n\t\t\t\t\t\t\t\t\t\t\t\t\t\t\t<img fetchpriority=\"high\" decoding=\"async\" width=\"1536\" height=\"1024\" src=\"https:\/\/pafns2027montevideo.com\/wp-content\/uploads\/2025\/03\/cheerful-young-lady-yellow-shirt-holding-copyspace-hand-1536x1024.jpg\" class=\"attachment-1536x1536 size-1536x1536 wp-image-1998\" alt=\"\" srcset=\"https:\/\/pafns2027montevideo.com\/wp-content\/uploads\/2025\/03\/cheerful-young-lady-yellow-shirt-holding-copyspace-hand-1536x1024.jpg 1536w, https:\/\/pafns2027montevideo.com\/wp-content\/uploads\/2025\/03\/cheerful-young-lady-yellow-shirt-holding-copyspace-hand-300x200.jpg 300w, https:\/\/pafns2027montevideo.com\/wp-content\/uploads\/2025\/03\/cheerful-young-lady-yellow-shirt-holding-copyspace-hand-1024x683.jpg 1024w, https:\/\/pafns2027montevideo.com\/wp-content\/uploads\/2025\/03\/cheerful-young-lady-yellow-shirt-holding-copyspace-hand-768x512.jpg 768w, https:\/\/pafns2027montevideo.com\/wp-content\/uploads\/2025\/03\/cheerful-young-lady-yellow-shirt-holding-copyspace-hand-2048x1365.jpg 2048w\" sizes=\"(max-width: 1536px) 100vw, 1536px\" \/>\t\t\t\t\t\t\t\t\t\t\t\t\t\t\t<\/div>\n\t\t\t\t<\/div>\n\t\t\t\t\t<\/div>\n\t\t<\/div>\n\t\t\t\t<div class=\"elementor-column elementor-col-50 elementor-top-column elementor-element elementor-element-ef8bdb9\" data-id=\"ef8bdb9\" data-element_type=\"column\" data-e-type=\"column\">\n\t\t\t<div class=\"elementor-widget-wrap elementor-element-populated\">\n\t\t\t\t\t\t<div class=\"elementor-element elementor-element-7c9dddf elementor-widget elementor-widget-text-editor\" data-id=\"7c9dddf\" data-element_type=\"widget\" data-e-type=\"widget\" data-widget_type=\"text-editor.default\">\n\t\t\t\t<div class=\"elementor-widget-container\">\n\t\t\t\t\t\t\t\t\t<p>Para mayor informaci\u00f3n sobre el <b>XVII CONGRESO PANAMERICANO DE NEUROLOG\u00cdA<\/b>, comun\u00edquese a los siguientes contactos:<\/p>\t\t\t\t\t\t\t\t<\/div>\n\t\t\t\t<\/div>\n\t\t\t\t<div class=\"elementor-element elementor-element-fb63fda elementor-view-stacked elementor-position-inline-start elementor-shape-circle elementor-mobile-position-block-start elementor-widget elementor-widget-icon-box\" data-id=\"fb63fda\" data-element_type=\"widget\" data-e-type=\"widget\" data-widget_type=\"icon-box.default\">\n\t\t\t\t<div class=\"elementor-widget-container\">\n\t\t\t\t\t\t\t<div class=\"elementor-icon-box-wrapper\">\n\n\t\t\t\t\t\t<div class=\"elementor-icon-box-icon\">\n\t\t\t\t<span  class=\"elementor-icon\">\n\t\t\t\t<i aria-hidden=\"true\" class=\"fas fa-phone-alt\"><\/i>\t\t\t\t<\/span>\n\t\t\t<\/div>\n\t\t\t\n\t\t\t\t\t\t<div class=\"elementor-icon-box-content\">\n\n\t\t\t\t\t\t\t\t\t<h1 class=\"elementor-icon-box-title\">\n\t\t\t\t\t\t<span  >\n\t\t\t\t\t\t\tHABLEMOS POR WHATSAPP:\t\t\t\t\t\t<\/span>\n\t\t\t\t\t<\/h1>\n\t\t\t\t\n\t\t\t\t\t\t\t\t\t<p class=\"elementor-icon-box-description\">\n\t\t\t\t\t\t\u00a0(+51) 984 776 332\t\t\t\t\t<\/p>\n\t\t\t\t\n\t\t\t<\/div>\n\t\t\t\n\t\t<\/div>\n\t\t\t\t\t\t<\/div>\n\t\t\t\t<\/div>\n\t\t\t\t<div class=\"elementor-element elementor-element-cb8908e elementor-view-stacked elementor-position-inline-start elementor-shape-circle elementor-mobile-position-block-start elementor-widget elementor-widget-icon-box\" data-id=\"cb8908e\" data-element_type=\"widget\" data-e-type=\"widget\" data-widget_type=\"icon-box.default\">\n\t\t\t\t<div class=\"elementor-widget-container\">\n\t\t\t\t\t\t\t<div class=\"elementor-icon-box-wrapper\">\n\n\t\t\t\t\t\t<div class=\"elementor-icon-box-icon\">\n\t\t\t\t<span  class=\"elementor-icon\">\n\t\t\t\t<i aria-hidden=\"true\" class=\"fas fa-phone-volume\"><\/i>\t\t\t\t<\/span>\n\t\t\t<\/div>\n\t\t\t\n\t\t\t\t\t\t<div class=\"elementor-icon-box-content\">\n\n\t\t\t\t\t\t\t\t\t<h1 class=\"elementor-icon-box-title\">\n\t\t\t\t\t\t<span  >\n\t\t\t\t\t\t\tTELEFONO:\t\t\t\t\t\t<\/span>\n\t\t\t\t\t<\/h1>\n\t\t\t\t\n\t\t\t\t\t\t\t\t\t<p class=\"elementor-icon-box-description\">\n\t\t\t\t\t\t(+51) 706 2957\t\t\t\t\t<\/p>\n\t\t\t\t\n\t\t\t<\/div>\n\t\t\t\n\t\t<\/div>\n\t\t\t\t\t\t<\/div>\n\t\t\t\t<\/div>\n\t\t\t\t<div class=\"elementor-element elementor-element-bd11709 elementor-view-stacked elementor-position-inline-start elementor-shape-circle elementor-mobile-position-block-start elementor-widget elementor-widget-icon-box\" data-id=\"bd11709\" data-element_type=\"widget\" data-e-type=\"widget\" data-widget_type=\"icon-box.default\">\n\t\t\t\t<div class=\"elementor-widget-container\">\n\t\t\t\t\t\t\t<div class=\"elementor-icon-box-wrapper\">\n\n\t\t\t\t\t\t<div class=\"elementor-icon-box-icon\">\n\t\t\t\t<span  class=\"elementor-icon\">\n\t\t\t\t<i aria-hidden=\"true\" class=\"far fa-envelope\"><\/i>\t\t\t\t<\/span>\n\t\t\t<\/div>\n\t\t\t\n\t\t\t\t\t\t<div class=\"elementor-icon-box-content\">\n\n\t\t\t\t\t\t\t\t\t<h1 class=\"elementor-icon-box-title\">\n\t\t\t\t\t\t<span  >\n\t\t\t\t\t\t\tSOPORTE POR EMAIL:\t\t\t\t\t\t<\/span>\n\t\t\t\t\t<\/h1>\n\t\t\t\t\n\t\t\t\t\t\t\t\t\t<p class=\"elementor-icon-box-description\">\n\t\t\t\t\t\tinformes3@grupomilenium.pe\t\t\t\t\t<\/p>\n\t\t\t\t\n\t\t\t<\/div>\n\t\t\t\n\t\t<\/div>\n\t\t\t\t\t\t<\/div>\n\t\t\t\t<\/div>\n\t\t\t\t<div class=\"elementor-element elementor-element-2d8e5de elementor-shape-circle elementor-grid-0 e-grid-align-center elementor-widget elementor-widget-social-icons\" data-id=\"2d8e5de\" data-element_type=\"widget\" data-e-type=\"widget\" data-widget_type=\"social-icons.default\">\n\t\t\t\t<div class=\"elementor-widget-container\">\n\t\t\t\t\t\t\t<div class=\"elementor-social-icons-wrapper elementor-grid\" role=\"list\">\n\t\t\t\t\t\t\t<span class=\"elementor-grid-item\" role=\"listitem\">\n\t\t\t\t\t<a class=\"elementor-icon elementor-social-icon elementor-social-icon-envelope elementor-repeater-item-6c42297\" href=\"mailto:informes3@grupomilenium.pe\" target=\"_blank\">\n\t\t\t\t\t\t<span class=\"elementor-screen-only\">Envelope<\/span>\n\t\t\t\t\t\t<i aria-hidden=\"true\" class=\"fas fa-envelope\"><\/i>\t\t\t\t\t<\/a>\n\t\t\t\t<\/span>\n\t\t\t\t\t\t\t<span class=\"elementor-grid-item\" role=\"listitem\">\n\t\t\t\t\t<a class=\"elementor-icon elementor-social-icon elementor-social-icon-whatsapp elementor-repeater-item-12fe45f\" href=\"https:\/\/wa.link\/jx69uk\" target=\"_blank\">\n\t\t\t\t\t\t<span class=\"elementor-screen-only\">Whatsapp<\/span>\n\t\t\t\t\t\t<i aria-hidden=\"true\" class=\"fab fa-whatsapp\"><\/i>\t\t\t\t\t<\/a>\n\t\t\t\t<\/span>\n\t\t\t\t\t\t\t<span class=\"elementor-grid-item\" role=\"listitem\">\n\t\t\t\t\t<a class=\"elementor-icon elementor-social-icon elementor-social-icon-facebook elementor-repeater-item-c107e78\" href=\"https:\/\/www.facebook.com\/pafnslima2023\/\" target=\"_blank\">\n\t\t\t\t\t\t<span class=\"elementor-screen-only\">Facebook<\/span>\n\t\t\t\t\t\t<i aria-hidden=\"true\" class=\"fab fa-facebook\"><\/i>\t\t\t\t\t<\/a>\n\t\t\t\t<\/span>\n\t\t\t\t\t\t\t<span class=\"elementor-grid-item\" role=\"listitem\">\n\t\t\t\t\t<a class=\"elementor-icon elementor-social-icon elementor-social-icon-twitter elementor-repeater-item-cdbb4e3\" href=\"https:\/\/twitter.com\/pafnslima2023\" target=\"_blank\">\n\t\t\t\t\t\t<span class=\"elementor-screen-only\">Twitter<\/span>\n\t\t\t\t\t\t<i aria-hidden=\"true\" class=\"fab fa-twitter\"><\/i>\t\t\t\t\t<\/a>\n\t\t\t\t<\/span>\n\t\t\t\t\t<\/div>\n\t\t\t\t\t\t<\/div>\n\t\t\t\t<\/div>\n\t\t\t\t\t<\/div>\n\t\t<\/div>\n\t\t\t\t\t<\/div>\n\t\t<\/section>\n\t\t\t\t<section class=\"elementor-section elementor-top-section elementor-element elementor-element-4dfd231 elementor-section-boxed elementor-section-height-default elementor-section-height-default\" data-id=\"4dfd231\" data-element_type=\"section\" data-e-type=\"section\" data-settings=\"{&quot;background_background&quot;:&quot;classic&quot;}\">\n\t\t\t\t\t\t<div class=\"elementor-container elementor-column-gap-default\">\n\t\t\t\t\t<div class=\"elementor-column elementor-col-100 elementor-top-column elementor-element elementor-element-28af712\" data-id=\"28af712\" data-element_type=\"column\" data-e-type=\"column\">\n\t\t\t<div class=\"elementor-widget-wrap elementor-element-populated\">\n\t\t\t\t\t\t<div class=\"elementor-element elementor-element-53c6845 elementor-widget-divider--view-line elementor-widget elementor-widget-divider\" data-id=\"53c6845\" data-element_type=\"widget\" data-e-type=\"widget\" data-widget_type=\"divider.default\">\n\t\t\t\t<div class=\"elementor-widget-container\">\n\t\t\t\t\t\t\t<div class=\"elementor-divider\">\n\t\t\t<span class=\"elementor-divider-separator\">\n\t\t\t\t\t\t<\/span>\n\t\t<\/div>\n\t\t\t\t\t\t<\/div>\n\t\t\t\t<\/div>\n\t\t\t\t\t<\/div>\n\t\t<\/div>\n\t\t\t\t\t<\/div>\n\t\t<\/section>\n\t\t\t\t<section class=\"elementor-section elementor-top-section elementor-element elementor-element-b1823ee elementor-section-boxed elementor-section-height-default elementor-section-height-default\" data-id=\"b1823ee\" data-element_type=\"section\" data-e-type=\"section\">\n\t\t\t\t\t\t<div class=\"elementor-container elementor-column-gap-default\">\n\t\t\t\t\t<div class=\"elementor-column elementor-col-100 elementor-top-column elementor-element elementor-element-8cfd177\" data-id=\"8cfd177\" data-element_type=\"column\" data-e-type=\"column\">\n\t\t\t<div class=\"elementor-widget-wrap\">\n\t\t\t\t\t\t\t<\/div>\n\t\t<\/div>\n\t\t\t\t\t<\/div>\n\t\t<\/section>\n\t\t\t\t<\/div>\n\t\t","protected":false},"excerpt":{"rendered":"<p>\u00bfEN QU\u00c9 PODEMOS AYUDARTE? En el Congreso Panamericano de Neurolog\u00eda, estamos comprometidos con brindarte una experiencia enriquecedora. Ya sea que busques informaci\u00f3n sobre el programa, ponentes, inscripciones o cualquier otro detalle, estamos aqu\u00ed para ayudarte.\u00a0 \u00a1Cont\u00e1ctanos y haz que tu participaci\u00f3n sea inolvidable! CONT\u00c1CTANOS Para mayor informaci\u00f3n sobre el XVII CONGRESO PANAMERICANO DE NEUROLOG\u00cdA, comun\u00edquese [&hellip;]<\/p>\n","protected":false},"author":1,"featured_media":0,"parent":0,"menu_order":0,"comment_status":"closed","ping_status":"closed","template":"","meta":{"footnotes":""},"class_list":["post-53","page","type-page","status-publish","hentry"],"_links":{"self":[{"href":"https:\/\/pafns2027montevideo.com\/index.php\/wp-json\/wp\/v2\/pages\/53","targetHints":{"allow":["GET"]}}],"collection":[{"href":"https:\/\/pafns2027montevideo.com\/index.php\/wp-json\/wp\/v2\/pages"}],"about":[{"href":"https:\/\/pafns2027montevideo.com\/index.php\/wp-json\/wp\/v2\/types\/page"}],"author":[{"embeddable":true,"href":"https:\/\/pafns2027montevideo.com\/index.php\/wp-json\/wp\/v2\/users\/1"}],"replies":[{"embeddable":true,"href":"https:\/\/pafns2027montevideo.com\/index.php\/wp-json\/wp\/v2\/comments?post=53"}],"version-history":[{"count":76,"href":"https:\/\/pafns2027montevideo.com\/index.php\/wp-json\/wp\/v2\/pages\/53\/revisions"}],"predecessor-version":[{"id":2142,"href":"https:\/\/pafns2027montevideo.com\/index.php\/wp-json\/wp\/v2\/pages\/53\/revisions\/2142"}],"wp:attachment":[{"href":"https:\/\/pafns2027montevideo.com\/index.php\/wp-json\/wp\/v2\/media?parent=53"}],"curies":[{"name":"wp","href":"https:\/\/api.w.org\/{rel}","templated":true}]}}