{"id":49,"date":"2023-02-14T21:15:29","date_gmt":"2023-02-14T21:15:29","guid":{"rendered":"https:\/\/pafnsasuncion2025.com\/?page_id=49"},"modified":"2025-06-04T16:48:40","modified_gmt":"2025-06-04T16:48:40","slug":"otros-alojamientos","status":"publish","type":"page","link":"https:\/\/pafns2027montevideo.com\/index.php\/otros-alojamientos\/","title":{"rendered":"Alojamiento en sede"},"content":{"rendered":"<style>.elementor-49 .elementor-element.elementor-element-7e9fa8e{--spacer-size:50px;}.elementor-49 .elementor-element.elementor-element-b9cc41c{text-align:center;}.elementor-49 .elementor-element.elementor-element-b9cc41c .elementor-heading-title{font-family:\"Roboto\", Sans-serif;font-size:38px;font-weight:800;color:#440570;}.elementor-49 .elementor-element.elementor-element-0b686cd{--spacer-size:50px;}.elementor-49 .elementor-element.elementor-element-71b4a5f img{border-radius:10px 10px 10px 10px;}.elementor-49 .elementor-element.elementor-element-529ed6c img{border-radius:10px 10px 10px 10px;}.elementor-49 .elementor-element.elementor-element-6954505 img{border-radius:10px 10px 10px 10px;}.elementor-49 .elementor-element.elementor-element-bf8bbe5{--spacer-size:50px;}.elementor-49 .elementor-element.elementor-element-0280f3c{--spacer-size:50px;}.elementor-49 .elementor-element.elementor-element-59bb22e{text-align:center;}.elementor-49 .elementor-element.elementor-element-59bb22e .elementor-heading-title{font-family:\"Roboto\", Sans-serif;font-size:25px;font-weight:800;color:#440570;}.elementor-49 .elementor-element.elementor-element-262180c{text-align:center;}.elementor-49 .elementor-element.elementor-element-262180c .elementor-heading-title{font-family:\"Roboto\", Sans-serif;font-size:16px;font-weight:400;color:#070607;}.elementor-49 .elementor-element.elementor-element-9a0046f{--spacer-size:16px;}.elementor-49 .elementor-element.elementor-element-5554566{text-align:justify;}.elementor-49 .elementor-element.elementor-element-5554566 .elementor-heading-title{font-family:\"Roboto\", Sans-serif;font-size:16px;font-weight:300;color:#070607;}.elementor-49 .elementor-element.elementor-element-3e65475{text-align:justify;}.elementor-49 .elementor-element.elementor-element-3e65475 .elementor-heading-title{font-family:\"Roboto\", Sans-serif;font-size:16px;font-weight:300;color:#070607;}.elementor-49 .elementor-element.elementor-element-a99d3e9{text-align:justify;}.elementor-49 .elementor-element.elementor-element-a99d3e9 .elementor-heading-title{font-family:\"Roboto\", Sans-serif;font-size:16px;font-weight:300;color:#070607;}.elementor-49 .elementor-element.elementor-element-040a27c{--spacer-size:50px;}.elementor-49 .elementor-element.elementor-element-040a27c > .elementor-widget-container{margin:-20px -20px -20px -20px;}.elementor-49 .elementor-element.elementor-element-beb59ef .elementor-icon-box-wrapper{align-items:start;text-align:justify;gap:10px;}.elementor-49 .elementor-element.elementor-element-beb59ef.elementor-view-stacked .elementor-icon{background-color:#754191;fill:#FFFFFF;color:#FFFFFF;}.elementor-49 .elementor-element.elementor-element-beb59ef.elementor-view-framed .elementor-icon, .elementor-49 .elementor-element.elementor-element-beb59ef.elementor-view-default .elementor-icon{fill:#754191;color:#754191;border-color:#754191;}.elementor-49 .elementor-element.elementor-element-beb59ef.elementor-view-framed .elementor-icon{background-color:#FFFFFF;}.elementor-49 .elementor-element.elementor-element-beb59ef .elementor-icon{font-size:15px;}.elementor-49 .elementor-element.elementor-element-beb59ef .elementor-icon-box-title, .elementor-49 .elementor-element.elementor-element-beb59ef .elementor-icon-box-title a{font-family:\"Roboto\", Sans-serif;font-size:16px;font-weight:900;}.elementor-49 .elementor-element.elementor-element-beb59ef .elementor-icon-box-title{color:#754191;}.elementor-49 .elementor-element.elementor-element-beb59ef .elementor-icon-box-description{font-family:\"Roboto\", Sans-serif;font-size:17px;font-weight:400;color:var( --e-global-color-secondary );}.elementor-49 .elementor-element.elementor-element-5328e5e .elementor-icon-box-wrapper{align-items:start;text-align:justify;gap:10px;}.elementor-49 .elementor-element.elementor-element-5328e5e.elementor-view-stacked .elementor-icon{background-color:#754191;fill:#FFFFFF;color:#FFFFFF;}.elementor-49 .elementor-element.elementor-element-5328e5e.elementor-view-framed .elementor-icon, .elementor-49 .elementor-element.elementor-element-5328e5e.elementor-view-default .elementor-icon{fill:#754191;color:#754191;border-color:#754191;}.elementor-49 .elementor-element.elementor-element-5328e5e.elementor-view-framed .elementor-icon{background-color:#FFFFFF;}.elementor-49 .elementor-element.elementor-element-5328e5e .elementor-icon{font-size:15px;}.elementor-49 .elementor-element.elementor-element-5328e5e .elementor-icon-box-title, .elementor-49 .elementor-element.elementor-element-5328e5e .elementor-icon-box-title a{font-family:\"Roboto\", Sans-serif;font-size:16px;font-weight:900;}.elementor-49 .elementor-element.elementor-element-5328e5e .elementor-icon-box-title{color:#754191;}.elementor-49 .elementor-element.elementor-element-5328e5e .elementor-icon-box-description{font-family:\"Roboto\", Sans-serif;font-size:17px;font-weight:400;color:var( --e-global-color-secondary );}.elementor-49 .elementor-element.elementor-element-279fd59{--spacer-size:50px;}.elementor-49 .elementor-element.elementor-element-b402ccb{text-align:center;}.elementor-49 .elementor-element.elementor-element-b402ccb .elementor-heading-title{font-family:\"Roboto\", Sans-serif;font-size:25px;font-weight:400;color:#440570;}.elementor-49 .elementor-element.elementor-element-9ae9859{--spacer-size:50px;}.elementor-49 .elementor-element.elementor-element-0c62d98{--spacer-size:50px;}:root{--page-title-display:none;}@media(min-width:768px){.elementor-49 .elementor-element.elementor-element-a351642{width:29.091%;}.elementor-49 .elementor-element.elementor-element-c7b017a{width:5.817%;}.elementor-49 .elementor-element.elementor-element-ac4ea4f{width:60.819%;}.elementor-49 .elementor-element.elementor-element-6291aac{width:4.25%;}}<\/style>\t\t<div data-elementor-type=\"wp-page\" data-elementor-id=\"49\" class=\"elementor elementor-49\" data-elementor-post-type=\"page\">\n\t\t\t\t\t\t<section class=\"elementor-section elementor-top-section elementor-element elementor-element-06bc3d7 elementor-section-boxed elementor-section-height-default elementor-section-height-default\" data-id=\"06bc3d7\" data-element_type=\"section\" data-e-type=\"section\">\n\t\t\t\t\t\t<div class=\"elementor-container elementor-column-gap-default\">\n\t\t\t\t\t<div class=\"elementor-column elementor-col-100 elementor-top-column elementor-element elementor-element-678f605\" data-id=\"678f605\" data-element_type=\"column\" data-e-type=\"column\">\n\t\t\t<div class=\"elementor-widget-wrap elementor-element-populated\">\n\t\t\t\t\t\t<div class=\"elementor-element elementor-element-7e9fa8e elementor-widget elementor-widget-spacer\" data-id=\"7e9fa8e\" data-element_type=\"widget\" data-e-type=\"widget\" data-widget_type=\"spacer.default\">\n\t\t\t\t<div class=\"elementor-widget-container\">\n\t\t\t\t\t\t\t<div class=\"elementor-spacer\">\n\t\t\t<div class=\"elementor-spacer-inner\"><\/div>\n\t\t<\/div>\n\t\t\t\t\t\t<\/div>\n\t\t\t\t<\/div>\n\t\t\t\t<div class=\"elementor-element elementor-element-b9cc41c elementor-invisible elementor-widget elementor-widget-heading\" data-id=\"b9cc41c\" data-element_type=\"widget\" data-e-type=\"widget\" data-settings=\"{&quot;_animation&quot;:&quot;fadeIn&quot;}\" data-widget_type=\"heading.default\">\n\t\t\t\t<div class=\"elementor-widget-container\">\n\t\t\t\t\t<h4 class=\"elementor-heading-title elementor-size-default\">\u00a1HOSP\u00c9DATE CON TARIFAS ESPECIALES EN EL HOTEL OFICIAL DEL CONGRESO!<\/h4>\t\t\t\t<\/div>\n\t\t\t\t<\/div>\n\t\t\t\t<div class=\"elementor-element elementor-element-0b686cd elementor-widget elementor-widget-spacer\" data-id=\"0b686cd\" data-element_type=\"widget\" data-e-type=\"widget\" data-widget_type=\"spacer.default\">\n\t\t\t\t<div class=\"elementor-widget-container\">\n\t\t\t\t\t\t\t<div class=\"elementor-spacer\">\n\t\t\t<div class=\"elementor-spacer-inner\"><\/div>\n\t\t<\/div>\n\t\t\t\t\t\t<\/div>\n\t\t\t\t<\/div>\n\t\t\t\t\t<\/div>\n\t\t<\/div>\n\t\t\t\t\t<\/div>\n\t\t<\/section>\n\t\t\t\t<section class=\"elementor-section elementor-top-section elementor-element elementor-element-ac2d784 elementor-section-boxed elementor-section-height-default elementor-section-height-default\" data-id=\"ac2d784\" data-element_type=\"section\" data-e-type=\"section\">\n\t\t\t\t\t\t<div class=\"elementor-container elementor-column-gap-default\">\n\t\t\t\t\t<div class=\"elementor-column elementor-col-25 elementor-top-column elementor-element elementor-element-a351642\" data-id=\"a351642\" data-element_type=\"column\" data-e-type=\"column\">\n\t\t\t<div class=\"elementor-widget-wrap elementor-element-populated\">\n\t\t\t\t\t\t<div class=\"elementor-element elementor-element-71b4a5f elementor-widget elementor-widget-image\" data-id=\"71b4a5f\" data-element_type=\"widget\" data-e-type=\"widget\" data-widget_type=\"image.default\">\n\t\t\t\t<div class=\"elementor-widget-container\">\n\t\t\t\t\t\t\t\t\t\t\t\t\t\t\t<img fetchpriority=\"high\" decoding=\"async\" width=\"640\" height=\"362\" src=\"https:\/\/pafns2027montevideo.com\/wp-content\/uploads\/2025\/03\/diUVdb8zTl6FRLNwzMkn_video_b_asuncion.v2.0000000-640w.jpg.webp\" class=\"attachment-large size-large wp-image-1950\" alt=\"\" srcset=\"https:\/\/pafns2027montevideo.com\/wp-content\/uploads\/2025\/03\/diUVdb8zTl6FRLNwzMkn_video_b_asuncion.v2.0000000-640w.jpg.webp 640w, https:\/\/pafns2027montevideo.com\/wp-content\/uploads\/2025\/03\/diUVdb8zTl6FRLNwzMkn_video_b_asuncion.v2.0000000-640w.jpg-300x170.webp 300w\" sizes=\"(max-width: 640px) 100vw, 640px\" \/>\t\t\t\t\t\t\t\t\t\t\t\t\t\t\t<\/div>\n\t\t\t\t<\/div>\n\t\t\t\t<div class=\"elementor-element elementor-element-529ed6c elementor-widget elementor-widget-image\" data-id=\"529ed6c\" data-element_type=\"widget\" data-e-type=\"widget\" data-widget_type=\"image.default\">\n\t\t\t\t<div class=\"elementor-widget-container\">\n\t\t\t\t\t\t\t\t\t\t\t\t\t\t\t<img decoding=\"async\" width=\"800\" height=\"534\" src=\"https:\/\/pafns2027montevideo.com\/wp-content\/uploads\/2025\/03\/bourbon-asuncion-convention-hotel_16140298986.jpg\" class=\"attachment-large size-large wp-image-1948\" alt=\"\" srcset=\"https:\/\/pafns2027montevideo.com\/wp-content\/uploads\/2025\/03\/bourbon-asuncion-convention-hotel_16140298986.jpg 1024w, https:\/\/pafns2027montevideo.com\/wp-content\/uploads\/2025\/03\/bourbon-asuncion-convention-hotel_16140298986-300x200.jpg 300w, https:\/\/pafns2027montevideo.com\/wp-content\/uploads\/2025\/03\/bourbon-asuncion-convention-hotel_16140298986-768x512.jpg 768w\" sizes=\"(max-width: 800px) 100vw, 800px\" \/>\t\t\t\t\t\t\t\t\t\t\t\t\t\t\t<\/div>\n\t\t\t\t<\/div>\n\t\t\t\t<div class=\"elementor-element elementor-element-6954505 elementor-widget elementor-widget-image\" data-id=\"6954505\" data-element_type=\"widget\" data-e-type=\"widget\" data-widget_type=\"image.default\">\n\t\t\t\t<div class=\"elementor-widget-container\">\n\t\t\t\t\t\t\t\t\t\t\t\t\t\t\t<img decoding=\"async\" width=\"500\" height=\"333\" src=\"https:\/\/pafns2027montevideo.com\/wp-content\/uploads\/2025\/03\/186231374.jpg\" class=\"attachment-large size-large wp-image-1951\" alt=\"\" srcset=\"https:\/\/pafns2027montevideo.com\/wp-content\/uploads\/2025\/03\/186231374.jpg 500w, https:\/\/pafns2027montevideo.com\/wp-content\/uploads\/2025\/03\/186231374-300x200.jpg 300w\" sizes=\"(max-width: 500px) 100vw, 500px\" \/>\t\t\t\t\t\t\t\t\t\t\t\t\t\t\t<\/div>\n\t\t\t\t<\/div>\n\t\t\t\t\t<\/div>\n\t\t<\/div>\n\t\t\t\t<div class=\"elementor-column elementor-col-25 elementor-top-column elementor-element elementor-element-c7b017a\" data-id=\"c7b017a\" data-element_type=\"column\" data-e-type=\"column\">\n\t\t\t<div class=\"elementor-widget-wrap elementor-element-populated\">\n\t\t\t\t\t\t<div class=\"elementor-element elementor-element-bf8bbe5 elementor-widget elementor-widget-spacer\" data-id=\"bf8bbe5\" data-element_type=\"widget\" data-e-type=\"widget\" data-widget_type=\"spacer.default\">\n\t\t\t\t<div class=\"elementor-widget-container\">\n\t\t\t\t\t\t\t<div class=\"elementor-spacer\">\n\t\t\t<div class=\"elementor-spacer-inner\"><\/div>\n\t\t<\/div>\n\t\t\t\t\t\t<\/div>\n\t\t\t\t<\/div>\n\t\t\t\t\t<\/div>\n\t\t<\/div>\n\t\t\t\t<div class=\"elementor-column elementor-col-25 elementor-top-column elementor-element elementor-element-ac4ea4f\" data-id=\"ac4ea4f\" data-element_type=\"column\" data-e-type=\"column\">\n\t\t\t<div class=\"elementor-widget-wrap elementor-element-populated\">\n\t\t\t\t\t\t<div class=\"elementor-element elementor-element-0280f3c elementor-widget elementor-widget-spacer\" data-id=\"0280f3c\" data-element_type=\"widget\" data-e-type=\"widget\" data-widget_type=\"spacer.default\">\n\t\t\t\t<div class=\"elementor-widget-container\">\n\t\t\t\t\t\t\t<div class=\"elementor-spacer\">\n\t\t\t<div class=\"elementor-spacer-inner\"><\/div>\n\t\t<\/div>\n\t\t\t\t\t\t<\/div>\n\t\t\t\t<\/div>\n\t\t\t\t<div class=\"elementor-element elementor-element-59bb22e elementor-invisible elementor-widget elementor-widget-heading\" data-id=\"59bb22e\" data-element_type=\"widget\" data-e-type=\"widget\" data-settings=\"{&quot;_animation&quot;:&quot;fadeIn&quot;}\" data-widget_type=\"heading.default\">\n\t\t\t\t<div class=\"elementor-widget-container\">\n\t\t\t\t\t<h4 class=\"elementor-heading-title elementor-size-default\">APROVECHA LAS TARIFAS EXCLUSIVAS EN EL GRAN BOURBON HOTEL ASUNCI\u00d3N<\/h4>\t\t\t\t<\/div>\n\t\t\t\t<\/div>\n\t\t\t\t<div class=\"elementor-element elementor-element-262180c elementor-invisible elementor-widget elementor-widget-heading\" data-id=\"262180c\" data-element_type=\"widget\" data-e-type=\"widget\" data-settings=\"{&quot;_animation&quot;:&quot;fadeIn&quot;}\" data-widget_type=\"heading.default\">\n\t\t\t\t<div class=\"elementor-widget-container\">\n\t\t\t\t\t<h4 class=\"elementor-heading-title elementor-size-default\">El hotel oficial del XVII Congreso Panamericano de Neurolog\u00eda 2025.<\/h4>\t\t\t\t<\/div>\n\t\t\t\t<\/div>\n\t\t\t\t<div class=\"elementor-element elementor-element-9a0046f elementor-widget elementor-widget-spacer\" data-id=\"9a0046f\" data-element_type=\"widget\" data-e-type=\"widget\" data-widget_type=\"spacer.default\">\n\t\t\t\t<div class=\"elementor-widget-container\">\n\t\t\t\t\t\t\t<div class=\"elementor-spacer\">\n\t\t\t<div class=\"elementor-spacer-inner\"><\/div>\n\t\t<\/div>\n\t\t\t\t\t\t<\/div>\n\t\t\t\t<\/div>\n\t\t\t\t<div class=\"elementor-element elementor-element-5554566 elementor-invisible elementor-widget elementor-widget-heading\" data-id=\"5554566\" data-element_type=\"widget\" data-e-type=\"widget\" data-settings=\"{&quot;_animation&quot;:&quot;fadeIn&quot;}\" data-widget_type=\"heading.default\">\n\t\t\t\t<div class=\"elementor-widget-container\">\n\t\t\t\t\t<h4 class=\"elementor-heading-title elementor-size-default\"><b>- Ubicaci\u00f3n: <\/b>En el Centro de Convenciones de la CONMEBOL<\/h4>\t\t\t\t<\/div>\n\t\t\t\t<\/div>\n\t\t\t\t<div class=\"elementor-element elementor-element-3e65475 elementor-invisible elementor-widget elementor-widget-heading\" data-id=\"3e65475\" data-element_type=\"widget\" data-e-type=\"widget\" data-settings=\"{&quot;_animation&quot;:&quot;fadeIn&quot;}\" data-widget_type=\"heading.default\">\n\t\t\t\t<div class=\"elementor-widget-container\">\n\t\t\t\t\t<h4 class=\"elementor-heading-title elementor-size-default\"><b>- C\u00f3digo promocional: <\/b><b>NEU25<\/h4>\t\t\t\t<\/div>\n\t\t\t\t<\/div>\n\t\t\t\t<div class=\"elementor-element elementor-element-a99d3e9 elementor-invisible elementor-widget elementor-widget-heading\" data-id=\"a99d3e9\" data-element_type=\"widget\" data-e-type=\"widget\" data-settings=\"{&quot;_animation&quot;:&quot;fadeIn&quot;}\" data-widget_type=\"heading.default\">\n\t\t\t\t<div class=\"elementor-widget-container\">\n\t\t\t\t\t<h4 class=\"elementor-heading-title elementor-size-default\"><b>- Precio:<\/b> Desde $155 por noche (incluye impuestos)\n<\/h4>\t\t\t\t<\/div>\n\t\t\t\t<\/div>\n\t\t\t\t<div class=\"elementor-element elementor-element-040a27c elementor-widget elementor-widget-spacer\" data-id=\"040a27c\" data-element_type=\"widget\" data-e-type=\"widget\" data-widget_type=\"spacer.default\">\n\t\t\t\t<div class=\"elementor-widget-container\">\n\t\t\t\t\t\t\t<div class=\"elementor-spacer\">\n\t\t\t<div class=\"elementor-spacer-inner\"><\/div>\n\t\t<\/div>\n\t\t\t\t\t\t<\/div>\n\t\t\t\t<\/div>\n\t\t\t\t<div class=\"elementor-element elementor-element-beb59ef elementor-view-stacked elementor-position-inline-start elementor-shape-circle elementor-mobile-position-block-start elementor-widget elementor-widget-icon-box\" data-id=\"beb59ef\" data-element_type=\"widget\" data-e-type=\"widget\" data-widget_type=\"icon-box.default\">\n\t\t\t\t<div class=\"elementor-widget-container\">\n\t\t\t\t\t\t\t<div class=\"elementor-icon-box-wrapper\">\n\n\t\t\t\t\t\t<div class=\"elementor-icon-box-icon\">\n\t\t\t\t<span  class=\"elementor-icon\">\n\t\t\t\t<i aria-hidden=\"true\" class=\"fas fa-hotel\"><\/i>\t\t\t\t<\/span>\n\t\t\t<\/div>\n\t\t\t\n\t\t\t\t\t\t<div class=\"elementor-icon-box-content\">\n\n\t\t\t\t\t\t\t\t\t<h1 class=\"elementor-icon-box-title\">\n\t\t\t\t\t\t<span  >\n\t\t\t\t\t\t\tHABITACI\u00d3N SUPERIOR SINGLE:\t\t\t\t\t\t<\/span>\n\t\t\t\t\t<\/h1>\n\t\t\t\t\n\t\t\t\t\t\t\t\t\t<p class=\"elementor-icon-box-description\">\n\t\t\t\t\t\tUSD 155 (Incluye impuestos)\t\t\t\t\t<\/p>\n\t\t\t\t\n\t\t\t<\/div>\n\t\t\t\n\t\t<\/div>\n\t\t\t\t\t\t<\/div>\n\t\t\t\t<\/div>\n\t\t\t\t<div class=\"elementor-element elementor-element-5328e5e elementor-view-stacked elementor-position-inline-start elementor-shape-circle elementor-mobile-position-block-start elementor-widget elementor-widget-icon-box\" data-id=\"5328e5e\" data-element_type=\"widget\" data-e-type=\"widget\" data-widget_type=\"icon-box.default\">\n\t\t\t\t<div class=\"elementor-widget-container\">\n\t\t\t\t\t\t\t<div class=\"elementor-icon-box-wrapper\">\n\n\t\t\t\t\t\t<div class=\"elementor-icon-box-icon\">\n\t\t\t\t<span  class=\"elementor-icon\">\n\t\t\t\t<i aria-hidden=\"true\" class=\"fas fa-hotel\"><\/i>\t\t\t\t<\/span>\n\t\t\t<\/div>\n\t\t\t\n\t\t\t\t\t\t<div class=\"elementor-icon-box-content\">\n\n\t\t\t\t\t\t\t\t\t<h1 class=\"elementor-icon-box-title\">\n\t\t\t\t\t\t<span  >\n\t\t\t\t\t\t\tHABITACI\u00d3N SUPERIOR DOBLE:\t\t\t\t\t\t<\/span>\n\t\t\t\t\t<\/h1>\n\t\t\t\t\n\t\t\t\t\t\t\t\t\t<p class=\"elementor-icon-box-description\">\n\t\t\t\t\t\tUSD 174 (Incluye impuestos)\t\t\t\t\t<\/p>\n\t\t\t\t\n\t\t\t<\/div>\n\t\t\t\n\t\t<\/div>\n\t\t\t\t\t\t<\/div>\n\t\t\t\t<\/div>\n\t\t\t\t<div class=\"elementor-element elementor-element-279fd59 elementor-widget elementor-widget-spacer\" data-id=\"279fd59\" data-element_type=\"widget\" data-e-type=\"widget\" data-widget_type=\"spacer.default\">\n\t\t\t\t<div class=\"elementor-widget-container\">\n\t\t\t\t\t\t\t<div class=\"elementor-spacer\">\n\t\t\t<div class=\"elementor-spacer-inner\"><\/div>\n\t\t<\/div>\n\t\t\t\t\t\t<\/div>\n\t\t\t\t<\/div>\n\t\t\t\t<div class=\"elementor-element elementor-element-b402ccb elementor-invisible elementor-widget elementor-widget-heading\" data-id=\"b402ccb\" data-element_type=\"widget\" data-e-type=\"widget\" data-settings=\"{&quot;_animation&quot;:&quot;fadeIn&quot;}\" data-widget_type=\"heading.default\">\n\t\t\t\t<div class=\"elementor-widget-container\">\n\t\t\t\t\t<h4 class=\"elementor-heading-title elementor-size-default\">\u00a1Reserva ahora y vive la mejor experiencia!<\/h4>\t\t\t\t<\/div>\n\t\t\t\t<\/div>\n\t\t\t\t<div class=\"elementor-element elementor-element-ffc355b elementor-align-center elementor-widget elementor-widget-button\" data-id=\"ffc355b\" data-element_type=\"widget\" data-e-type=\"widget\" data-widget_type=\"button.default\">\n\t\t\t\t<div class=\"elementor-widget-container\">\n\t\t\t\t\t\t\t\t\t<div class=\"elementor-button-wrapper\">\n\t\t\t\t\t<a class=\"elementor-button elementor-button-link elementor-size-sm\" href=\"https:\/\/www.bourbon.com.br\/en\/hotel\/bourbon-conmebol-assuncao-convention-hotel%20\" target=\"_blank\">\n\t\t\t\t\t\t<span class=\"elementor-button-content-wrapper\">\n\t\t\t\t\t\t\t\t\t<span class=\"elementor-button-text\">RESERVA AHORA<\/span>\n\t\t\t\t\t<\/span>\n\t\t\t\t\t<\/a>\n\t\t\t\t<\/div>\n\t\t\t\t\t\t\t\t<\/div>\n\t\t\t\t<\/div>\n\t\t\t\t\t<\/div>\n\t\t<\/div>\n\t\t\t\t<div class=\"elementor-column elementor-col-25 elementor-top-column elementor-element elementor-element-6291aac\" data-id=\"6291aac\" data-element_type=\"column\" data-e-type=\"column\">\n\t\t\t<div class=\"elementor-widget-wrap elementor-element-populated\">\n\t\t\t\t\t\t<div class=\"elementor-element elementor-element-9ae9859 elementor-widget elementor-widget-spacer\" data-id=\"9ae9859\" data-element_type=\"widget\" data-e-type=\"widget\" data-widget_type=\"spacer.default\">\n\t\t\t\t<div class=\"elementor-widget-container\">\n\t\t\t\t\t\t\t<div class=\"elementor-spacer\">\n\t\t\t<div class=\"elementor-spacer-inner\"><\/div>\n\t\t<\/div>\n\t\t\t\t\t\t<\/div>\n\t\t\t\t<\/div>\n\t\t\t\t\t<\/div>\n\t\t<\/div>\n\t\t\t\t\t<\/div>\n\t\t<\/section>\n\t\t\t\t<section class=\"elementor-section elementor-top-section elementor-element elementor-element-bc7b7ae elementor-section-boxed elementor-section-height-default elementor-section-height-default\" data-id=\"bc7b7ae\" data-element_type=\"section\" data-e-type=\"section\">\n\t\t\t\t\t\t<div class=\"elementor-container elementor-column-gap-default\">\n\t\t\t\t\t<div class=\"elementor-column elementor-col-100 elementor-top-column elementor-element elementor-element-edf7343\" data-id=\"edf7343\" data-element_type=\"column\" data-e-type=\"column\">\n\t\t\t<div class=\"elementor-widget-wrap elementor-element-populated\">\n\t\t\t\t\t\t<div class=\"elementor-element elementor-element-0c62d98 elementor-widget elementor-widget-spacer\" data-id=\"0c62d98\" data-element_type=\"widget\" data-e-type=\"widget\" data-widget_type=\"spacer.default\">\n\t\t\t\t<div class=\"elementor-widget-container\">\n\t\t\t\t\t\t\t<div class=\"elementor-spacer\">\n\t\t\t<div class=\"elementor-spacer-inner\"><\/div>\n\t\t<\/div>\n\t\t\t\t\t\t<\/div>\n\t\t\t\t<\/div>\n\t\t\t\t\t<\/div>\n\t\t<\/div>\n\t\t\t\t\t<\/div>\n\t\t<\/section>\n\t\t\t\t<\/div>\n\t\t","protected":false},"excerpt":{"rendered":"<p>\u00a1HOSP\u00c9DATE CON TARIFAS ESPECIALES EN EL HOTEL OFICIAL DEL CONGRESO! APROVECHA LAS TARIFAS EXCLUSIVAS EN EL GRAN BOURBON HOTEL ASUNCI\u00d3N El hotel oficial del XVII Congreso Panamericano de Neurolog\u00eda 2025. &#8211; Ubicaci\u00f3n: En el Centro de Convenciones de la CONMEBOL &#8211; C\u00f3digo promocional: NEU25 &#8211; Precio: Desde $155 por noche (incluye impuestos) HABITACI\u00d3N SUPERIOR SINGLE: [&hellip;]<\/p>\n","protected":false},"author":1,"featured_media":0,"parent":0,"menu_order":0,"comment_status":"closed","ping_status":"closed","template":"","meta":{"footnotes":""},"class_list":["post-49","page","type-page","status-publish","hentry"],"_links":{"self":[{"href":"https:\/\/pafns2027montevideo.com\/index.php\/wp-json\/wp\/v2\/pages\/49","targetHints":{"allow":["GET"]}}],"collection":[{"href":"https:\/\/pafns2027montevideo.com\/index.php\/wp-json\/wp\/v2\/pages"}],"about":[{"href":"https:\/\/pafns2027montevideo.com\/index.php\/wp-json\/wp\/v2\/types\/page"}],"author":[{"embeddable":true,"href":"https:\/\/pafns2027montevideo.com\/index.php\/wp-json\/wp\/v2\/users\/1"}],"replies":[{"embeddable":true,"href":"https:\/\/pafns2027montevideo.com\/index.php\/wp-json\/wp\/v2\/comments?post=49"}],"version-history":[{"count":86,"href":"https:\/\/pafns2027montevideo.com\/index.php\/wp-json\/wp\/v2\/pages\/49\/revisions"}],"predecessor-version":[{"id":2551,"href":"https:\/\/pafns2027montevideo.com\/index.php\/wp-json\/wp\/v2\/pages\/49\/revisions\/2551"}],"wp:attachment":[{"href":"https:\/\/pafns2027montevideo.com\/index.php\/wp-json\/wp\/v2\/media?parent=49"}],"curies":[{"name":"wp","href":"https:\/\/api.w.org\/{rel}","templated":true}]}}