{"id":1077,"date":"2024-01-31T18:17:57","date_gmt":"2024-01-31T18:17:57","guid":{"rendered":"https:\/\/pafnsasuncion2025.com\/?page_id=1077"},"modified":"2024-01-31T18:34:46","modified_gmt":"2024-01-31T18:34:46","slug":"sede-del-congreso-2","status":"publish","type":"page","link":"https:\/\/pafns2027montevideo.com\/index.php\/sede-del-congreso-2\/","title":{"rendered":"Sede del Congreso 2023"},"content":{"rendered":"<style>.elementor-1077 .elementor-element.elementor-element-4fc01353 > .elementor-container > .elementor-column > .elementor-widget-wrap{align-content:center;align-items:center;}.elementor-1077 .elementor-element.elementor-element-4fc01353:not(.elementor-motion-effects-element-type-background), .elementor-1077 .elementor-element.elementor-element-4fc01353 > .elementor-motion-effects-container > .elementor-motion-effects-layer{background-color:#003A6E;}.elementor-1077 .elementor-element.elementor-element-4fc01353{transition:background 0.3s, border 0.3s, border-radius 0.3s, box-shadow 0.3s;padding:100px 0px 100px 0px;}.elementor-1077 .elementor-element.elementor-element-4fc01353 > .elementor-background-overlay{transition:background 0.3s, border-radius 0.3s, opacity 0.3s;}.elementor-1077 .elementor-element.elementor-element-1fae6d98:not(.elementor-motion-effects-element-type-background) > .elementor-widget-wrap, .elementor-1077 .elementor-element.elementor-element-1fae6d98 > .elementor-widget-wrap > .elementor-motion-effects-container > .elementor-motion-effects-layer{background-image:url(\"https:\/\/pafns2027montevideo.com\/wp-content\/uploads\/2023\/03\/SEDE-WEB-scaled.jpg\");background-position:top center;background-size:cover;}.elementor-1077 .elementor-element.elementor-element-1fae6d98 > .elementor-element-populated >  .elementor-background-overlay{background-color:#000000;opacity:0.5;}.elementor-1077 .elementor-element.elementor-element-1fae6d98 > .elementor-element-populated{transition:background 0.3s, border 0.3s, border-radius 0.3s, box-shadow 0.3s;margin:0px 0px 0px 0px;--e-column-margin-right:0px;--e-column-margin-left:0px;padding:150px 55px 150px 55px;}.elementor-1077 .elementor-element.elementor-element-1fae6d98 > .elementor-element-populated > .elementor-background-overlay{transition:background 0.3s, border-radius 0.3s, opacity 0.3s;}.elementor-1077 .elementor-element.elementor-element-6542548c{text-align:center;}.elementor-1077 .elementor-element.elementor-element-6542548c .elementor-heading-title{font-family:\"Roboto\", Sans-serif;font-size:40px;font-weight:600;color:#ffffff;}.elementor-1077 .elementor-element.elementor-element-5068c37:not(.elementor-motion-effects-element-type-background), .elementor-1077 .elementor-element.elementor-element-5068c37 > .elementor-motion-effects-container > .elementor-motion-effects-layer{background-color:#003A6E;}.elementor-1077 .elementor-element.elementor-element-5068c37{transition:background 0.3s, border 0.3s, border-radius 0.3s, box-shadow 0.3s;}.elementor-1077 .elementor-element.elementor-element-5068c37 > .elementor-background-overlay{transition:background 0.3s, border-radius 0.3s, opacity 0.3s;}.elementor-1077 .elementor-element.elementor-element-3dbe358{text-align:center;}.elementor-1077 .elementor-element.elementor-element-3dbe358 .elementor-star-rating{font-size:41px;}.elementor-1077 .elementor-element.elementor-element-c819d1a{text-align:center;}.elementor-1077 .elementor-element.elementor-element-c819d1a .elementor-heading-title{font-family:\"Roboto\", Sans-serif;font-size:45px;font-weight:600;color:#FFFFFF;}.elementor-1077 .elementor-element.elementor-element-4b2b809{text-align:center;}.elementor-1077 .elementor-element.elementor-element-4b2b809 .elementor-heading-title{font-family:\"Roboto\", Sans-serif;font-size:17px;font-weight:100;color:#FFFFFF;}.elementor-1077 .elementor-element.elementor-element-525477f{--spacer-size:25px;}.elementor-1077 .elementor-element.elementor-element-fefd681{--spacer-size:10px;}.elementor-1077 .elementor-element.elementor-element-3d6a6c8:not(.elementor-motion-effects-element-type-background), .elementor-1077 .elementor-element.elementor-element-3d6a6c8 > .elementor-motion-effects-container > .elementor-motion-effects-layer{background-color:#003A6E;}.elementor-1077 .elementor-element.elementor-element-3d6a6c8{transition:background 0.3s, border 0.3s, border-radius 0.3s, box-shadow 0.3s;}.elementor-1077 .elementor-element.elementor-element-3d6a6c8 > .elementor-background-overlay{transition:background 0.3s, border-radius 0.3s, opacity 0.3s;}.elementor-1077 .elementor-element.elementor-element-aeaf485 .elementor-repeater-item-4eb8fc2 .swiper-slide-bg{background-color:#833ca3;background-image:url(https:\/\/pafns2027montevideo.com\/wp-content\/uploads\/2023\/03\/CapturaS.jpg);background-size:cover;}.elementor-1077 .elementor-element.elementor-element-aeaf485 .elementor-repeater-item-e975fe1 .swiper-slide-bg{background-color:#4054b2;background-image:url(https:\/\/pafns2027montevideo.com\/wp-content\/uploads\/2023\/03\/Captura.jpg);background-size:cover;}.elementor-1077 .elementor-element.elementor-element-aeaf485 .elementor-repeater-item-2a31f31 .swiper-slide-bg{background-color:#1abc9c;background-image:url(https:\/\/pafns2027montevideo.com\/wp-content\/uploads\/2023\/03\/Captura2.jpg);background-size:cover;}.elementor-1077 .elementor-element.elementor-element-aeaf485 .swiper-slide{height:400px;transition-duration:calc(5000ms*1.2);}.elementor-1077 .elementor-element.elementor-element-aeaf485 .swiper-slide-contents{max-width:66%;}.elementor-1077 .elementor-element.elementor-element-aeaf485 .swiper-slide-inner{text-align:center;}.elementor-1077 .elementor-element.elementor-element-721669e iframe{height:397px;}.elementor-1077 .elementor-element.elementor-element-b4869e4:not(.elementor-motion-effects-element-type-background), .elementor-1077 .elementor-element.elementor-element-b4869e4 > .elementor-motion-effects-container > .elementor-motion-effects-layer{background-color:#003A6E;}.elementor-1077 .elementor-element.elementor-element-b4869e4{transition:background 0.3s, border 0.3s, border-radius 0.3s, box-shadow 0.3s;}.elementor-1077 .elementor-element.elementor-element-b4869e4 > .elementor-background-overlay{transition:background 0.3s, border-radius 0.3s, opacity 0.3s;}.elementor-1077 .elementor-element.elementor-element-75d1c79{--spacer-size:50px;}.elementor-1077 .elementor-element.elementor-element-94e1210{text-align:center;}.elementor-1077 .elementor-element.elementor-element-94e1210 .elementor-heading-title{font-family:\"Roboto\", Sans-serif;font-size:20px;font-weight:200;color:#FFFFFF;}.elementor-1077 .elementor-element.elementor-element-1b5cd8c .elementor-repeater-item-550342d.elementor-social-icon{background-color:#FFFFFF;}.elementor-1077 .elementor-element.elementor-element-1b5cd8c .elementor-repeater-item-3260e65.elementor-social-icon{background-color:#FFFFFF;}.elementor-1077 .elementor-element.elementor-element-1b5cd8c .elementor-repeater-item-6ef83a7.elementor-social-icon{background-color:#FFFFFF;}.elementor-1077 .elementor-element.elementor-element-1b5cd8c .elementor-repeater-item-64983e9.elementor-social-icon{background-color:#FFFFFF;}.elementor-1077 .elementor-element.elementor-element-1b5cd8c{--grid-template-columns:repeat(0, auto);--grid-column-gap:5px;--grid-row-gap:0px;}.elementor-1077 .elementor-element.elementor-element-1b5cd8c .elementor-widget-container{text-align:center;}.elementor-1077 .elementor-element.elementor-element-29e153b{--spacer-size:82px;}:root{--page-title-display:none;}@media(max-width:1024px) and (min-width:768px){.elementor-1077 .elementor-element.elementor-element-1fae6d98{width:100%;}}@media(max-width:1024px){.elementor-1077 .elementor-element.elementor-element-4fc01353{padding:0px 0px 100px 0px;}.elementor-1077 .elementor-element.elementor-element-6542548c > .elementor-widget-container{padding:0px 0100px 0px 0px;}}@media(max-width:767px){.elementor-1077 .elementor-element.elementor-element-4fc01353{padding:50px 0px 50px 0px;}}<\/style>\t\t<div data-elementor-type=\"wp-page\" data-elementor-id=\"1077\" class=\"elementor elementor-1077\" data-elementor-post-type=\"page\">\n\t\t\t\t\t\t<section class=\"elementor-section elementor-top-section elementor-element elementor-element-4fc01353 elementor-section-full_width elementor-section-content-middle elementor-section-height-default elementor-section-height-default\" data-id=\"4fc01353\" data-element_type=\"section\" data-e-type=\"section\" data-settings=\"{&quot;background_background&quot;:&quot;classic&quot;}\">\n\t\t\t\t\t\t<div class=\"elementor-container elementor-column-gap-no\">\n\t\t\t\t\t<div class=\"elementor-column elementor-col-100 elementor-top-column elementor-element elementor-element-1fae6d98\" data-id=\"1fae6d98\" data-element_type=\"column\" data-e-type=\"column\" data-settings=\"{&quot;background_background&quot;:&quot;classic&quot;}\">\n\t\t\t<div class=\"elementor-widget-wrap elementor-element-populated\">\n\t\t\t\t\t<div class=\"elementor-background-overlay\"><\/div>\n\t\t\t\t\t\t<div class=\"elementor-element elementor-element-6542548c elementor-widget elementor-widget-heading\" data-id=\"6542548c\" data-element_type=\"widget\" data-e-type=\"widget\" data-widget_type=\"heading.default\">\n\t\t\t\t<div class=\"elementor-widget-container\">\n\t\t\t\t\t<h4 class=\"elementor-heading-title elementor-size-default\">SHERATON LIMA HISTORIC CENTER<\/h4>\t\t\t\t<\/div>\n\t\t\t\t<\/div>\n\t\t\t\t\t<\/div>\n\t\t<\/div>\n\t\t\t\t\t<\/div>\n\t\t<\/section>\n\t\t\t\t<section class=\"elementor-section elementor-top-section elementor-element elementor-element-5068c37 elementor-section-boxed elementor-section-height-default elementor-section-height-default\" data-id=\"5068c37\" data-element_type=\"section\" data-e-type=\"section\" data-settings=\"{&quot;background_background&quot;:&quot;classic&quot;}\">\n\t\t\t\t\t\t<div class=\"elementor-container elementor-column-gap-default\">\n\t\t\t\t\t<div class=\"elementor-column elementor-col-100 elementor-top-column elementor-element elementor-element-e980210\" data-id=\"e980210\" data-element_type=\"column\" data-e-type=\"column\">\n\t\t\t<div class=\"elementor-widget-wrap elementor-element-populated\">\n\t\t\t\t\t\t<div class=\"elementor-element elementor-element-3dbe358 elementor-star-rating--align-center elementor--star-style-star_fontawesome elementor-widget elementor-widget-star-rating\" data-id=\"3dbe358\" data-element_type=\"widget\" data-e-type=\"widget\" data-widget_type=\"star-rating.default\">\n\t\t\t\t<div class=\"elementor-widget-container\">\n\t\t\t\t\t\t\t<div class=\"elementor-star-rating__wrapper\">\n\t\t\t\t\t\t<div class=\"elementor-star-rating\" itemtype=\"http:\/\/schema.org\/Rating\" itemscope=\"\" itemprop=\"reviewRating\">\n\t\t\t\t<i class=\"elementor-star-full\" aria-hidden=\"true\">&#xE934;<\/i><i class=\"elementor-star-full\" aria-hidden=\"true\">&#xE934;<\/i><i class=\"elementor-star-full\" aria-hidden=\"true\">&#xE934;<\/i><i class=\"elementor-star-full\" aria-hidden=\"true\">&#xE934;<\/i><i class=\"elementor-star-full\" aria-hidden=\"true\">&#xE934;<\/i>\t\t\t\t<span itemprop=\"ratingValue\" class=\"elementor-screen-only\">Rated 5 out of 5<\/span>\n\t\t\t<\/div>\n\t\t<\/div>\n\t\t\t\t\t\t<\/div>\n\t\t\t\t<\/div>\n\t\t\t\t<div class=\"elementor-element elementor-element-c819d1a elementor-widget elementor-widget-heading\" data-id=\"c819d1a\" data-element_type=\"widget\" data-e-type=\"widget\" data-widget_type=\"heading.default\">\n\t\t\t\t<div class=\"elementor-widget-container\">\n\t\t\t\t\t<h2 class=\"elementor-heading-title elementor-size-default\">\u00a1LOS ESPERAMOS!<\/h2>\t\t\t\t<\/div>\n\t\t\t\t<\/div>\n\t\t\t\t<div class=\"elementor-element elementor-element-4b2b809 elementor-widget elementor-widget-heading\" data-id=\"4b2b809\" data-element_type=\"widget\" data-e-type=\"widget\" data-widget_type=\"heading.default\">\n\t\t\t\t<div class=\"elementor-widget-container\">\n\t\t\t\t\t<h2 class=\"elementor-heading-title elementor-size-default\">PASEO DE LA REP\u00daBLICA 170, LIMA, PER\u00da, 15001<\/h2>\t\t\t\t<\/div>\n\t\t\t\t<\/div>\n\t\t\t\t<div class=\"elementor-element elementor-element-525477f elementor-widget elementor-widget-spacer\" data-id=\"525477f\" data-element_type=\"widget\" data-e-type=\"widget\" data-widget_type=\"spacer.default\">\n\t\t\t\t<div class=\"elementor-widget-container\">\n\t\t\t\t\t\t\t<div class=\"elementor-spacer\">\n\t\t\t<div class=\"elementor-spacer-inner\"><\/div>\n\t\t<\/div>\n\t\t\t\t\t\t<\/div>\n\t\t\t\t<\/div>\n\t\t\t\t<div class=\"elementor-element elementor-element-fefd681 elementor-widget elementor-widget-spacer\" data-id=\"fefd681\" data-element_type=\"widget\" data-e-type=\"widget\" data-widget_type=\"spacer.default\">\n\t\t\t\t<div class=\"elementor-widget-container\">\n\t\t\t\t\t\t\t<div class=\"elementor-spacer\">\n\t\t\t<div class=\"elementor-spacer-inner\"><\/div>\n\t\t<\/div>\n\t\t\t\t\t\t<\/div>\n\t\t\t\t<\/div>\n\t\t\t\t\t<\/div>\n\t\t<\/div>\n\t\t\t\t\t<\/div>\n\t\t<\/section>\n\t\t\t\t<section class=\"elementor-section elementor-top-section elementor-element elementor-element-3d6a6c8 elementor-section-boxed elementor-section-height-default elementor-section-height-default\" data-id=\"3d6a6c8\" data-element_type=\"section\" data-e-type=\"section\" data-settings=\"{&quot;background_background&quot;:&quot;classic&quot;}\">\n\t\t\t\t\t\t<div class=\"elementor-container elementor-column-gap-default\">\n\t\t\t\t\t<div class=\"elementor-column elementor-col-50 elementor-top-column elementor-element elementor-element-0e4098b\" data-id=\"0e4098b\" data-element_type=\"column\" data-e-type=\"column\">\n\t\t\t<div class=\"elementor-widget-wrap elementor-element-populated\">\n\t\t\t\t\t\t<div class=\"elementor-element elementor-element-aeaf485 elementor--h-position-center elementor--v-position-middle elementor-arrows-position-inside elementor-pagination-position-inside elementor-widget elementor-widget-slides\" data-id=\"aeaf485\" data-element_type=\"widget\" data-e-type=\"widget\" data-settings=\"{&quot;navigation&quot;:&quot;both&quot;,&quot;autoplay&quot;:&quot;yes&quot;,&quot;pause_on_hover&quot;:&quot;yes&quot;,&quot;pause_on_interaction&quot;:&quot;yes&quot;,&quot;autoplay_speed&quot;:5000,&quot;infinite&quot;:&quot;yes&quot;,&quot;transition&quot;:&quot;slide&quot;,&quot;transition_speed&quot;:500}\" data-widget_type=\"slides.default\">\n\t\t\t\t<div class=\"elementor-widget-container\">\n\t\t\t\t\t\t\t\t\t<div class=\"elementor-swiper\">\n\t\t\t\t\t<div class=\"elementor-slides-wrapper elementor-main-swiper swiper\" role=\"region\" aria-roledescription=\"carousel\" aria-label=\"Slides\" dir=\"ltr\" data-animation=\"fadeInUp\">\n\t\t\t\t<div class=\"swiper-wrapper elementor-slides\">\n\t\t\t\t\t\t\t\t\t\t<div class=\"elementor-repeater-item-4eb8fc2 swiper-slide\" role=\"group\" aria-roledescription=\"slide\"><div class=\"swiper-slide-bg\" role=\"img\" aria-label=\"CapturaS\"><\/div><div class=\"swiper-slide-inner\" ><div class=\"swiper-slide-contents\"><div class=\"elementor-slide-description\">\n<\/div><\/div><\/div><\/div><div class=\"elementor-repeater-item-e975fe1 swiper-slide\" role=\"group\" aria-roledescription=\"slide\"><div class=\"swiper-slide-bg\" role=\"img\" aria-label=\"Captura\"><\/div><div class=\"swiper-slide-inner\" ><div class=\"swiper-slide-contents\"><div class=\"elementor-slide-description\">\n<\/div><\/div><\/div><\/div><div class=\"elementor-repeater-item-2a31f31 swiper-slide\" role=\"group\" aria-roledescription=\"slide\"><div class=\"swiper-slide-bg\" role=\"img\" aria-label=\"Captura2\"><\/div><div class=\"swiper-slide-inner\" ><div class=\"swiper-slide-contents\"><\/div><\/div><\/div>\t\t\t\t<\/div>\n\t\t\t\t\t\t\t\t\t\t\t\t\t\t\t<div class=\"elementor-swiper-button elementor-swiper-button-prev\" role=\"button\" tabindex=\"0\" aria-label=\"Previous slide\">\n\t\t\t\t\t\t\t<i aria-hidden=\"true\" class=\"eicon-chevron-left\"><\/i>\t\t\t\t\t\t<\/div>\n\t\t\t\t\t\t<div class=\"elementor-swiper-button elementor-swiper-button-next\" role=\"button\" tabindex=\"0\" aria-label=\"Next slide\">\n\t\t\t\t\t\t\t<i aria-hidden=\"true\" class=\"eicon-chevron-right\"><\/i>\t\t\t\t\t\t<\/div>\n\t\t\t\t\t\t\t\t\t\t\t\t\t\t\t\t<div class=\"swiper-pagination\"><\/div>\n\t\t\t\t\t\t\t\t\t\t\t\t<\/div>\n\t\t\t\t<\/div>\n\t\t\t\t\t\t\t\t<\/div>\n\t\t\t\t<\/div>\n\t\t\t\t\t<\/div>\n\t\t<\/div>\n\t\t\t\t<div class=\"elementor-column elementor-col-50 elementor-top-column elementor-element elementor-element-843ee0f\" data-id=\"843ee0f\" data-element_type=\"column\" data-e-type=\"column\">\n\t\t\t<div class=\"elementor-widget-wrap elementor-element-populated\">\n\t\t\t\t\t\t<div class=\"elementor-element elementor-element-721669e elementor-widget elementor-widget-google_maps\" data-id=\"721669e\" data-element_type=\"widget\" data-e-type=\"widget\" data-widget_type=\"google_maps.default\">\n\t\t\t\t<div class=\"elementor-widget-container\">\n\t\t\t\t\t\t\t<div class=\"elementor-custom-embed\">\n\t\t\t<iframe loading=\"lazy\"\n\t\t\t\t\tsrc=\"https:\/\/maps.google.com\/maps?q=Sheraton%20Lima%20Historic%20Center&#038;t=m&#038;z=14&#038;output=embed&#038;iwloc=near\"\n\t\t\t\t\ttitle=\"Sheraton Lima Historic Center\"\n\t\t\t\t\taria-label=\"Sheraton Lima Historic Center\"\n\t\t\t><\/iframe>\n\t\t<\/div>\n\t\t\t\t\t\t<\/div>\n\t\t\t\t<\/div>\n\t\t\t\t\t<\/div>\n\t\t<\/div>\n\t\t\t\t\t<\/div>\n\t\t<\/section>\n\t\t\t\t<section class=\"elementor-section elementor-top-section elementor-element elementor-element-b4869e4 elementor-section-boxed elementor-section-height-default elementor-section-height-default\" data-id=\"b4869e4\" data-element_type=\"section\" data-e-type=\"section\" data-settings=\"{&quot;background_background&quot;:&quot;classic&quot;}\">\n\t\t\t\t\t\t<div class=\"elementor-container elementor-column-gap-default\">\n\t\t\t\t\t<div class=\"elementor-column elementor-col-100 elementor-top-column elementor-element elementor-element-b03ada7\" data-id=\"b03ada7\" data-element_type=\"column\" data-e-type=\"column\">\n\t\t\t<div class=\"elementor-widget-wrap elementor-element-populated\">\n\t\t\t\t\t\t<div class=\"elementor-element elementor-element-75d1c79 elementor-widget elementor-widget-spacer\" data-id=\"75d1c79\" data-element_type=\"widget\" data-e-type=\"widget\" data-widget_type=\"spacer.default\">\n\t\t\t\t<div class=\"elementor-widget-container\">\n\t\t\t\t\t\t\t<div class=\"elementor-spacer\">\n\t\t\t<div class=\"elementor-spacer-inner\"><\/div>\n\t\t<\/div>\n\t\t\t\t\t\t<\/div>\n\t\t\t\t<\/div>\n\t\t\t\t<div class=\"elementor-element elementor-element-94e1210 elementor-widget elementor-widget-heading\" data-id=\"94e1210\" data-element_type=\"widget\" data-e-type=\"widget\" data-widget_type=\"heading.default\">\n\t\t\t\t<div class=\"elementor-widget-container\">\n\t\t\t\t\t<h2 class=\"elementor-heading-title elementor-size-default\">Visita sus redes sociales para m\u00e1s informaci\u00f3n<\/h2>\t\t\t\t<\/div>\n\t\t\t\t<\/div>\n\t\t\t\t<div class=\"elementor-element elementor-element-1b5cd8c elementor-shape-circle elementor-grid-0 e-grid-align-center elementor-widget elementor-widget-social-icons\" data-id=\"1b5cd8c\" data-element_type=\"widget\" data-e-type=\"widget\" data-widget_type=\"social-icons.default\">\n\t\t\t\t<div class=\"elementor-widget-container\">\n\t\t\t\t\t\t\t<div class=\"elementor-social-icons-wrapper elementor-grid\" role=\"list\">\n\t\t\t\t\t\t\t<span class=\"elementor-grid-item\" role=\"listitem\">\n\t\t\t\t\t<a class=\"elementor-icon elementor-social-icon elementor-social-icon-dribbble elementor-repeater-item-550342d\" href=\"https:\/\/www.marriott.com\/es\/hotels\/limsi-sheraton-lima-historic-center\/overview\/\" target=\"_blank\">\n\t\t\t\t\t\t<span class=\"elementor-screen-only\">Dribbble<\/span>\n\t\t\t\t\t\t<i aria-hidden=\"true\" class=\"fab fa-dribbble\"><\/i>\t\t\t\t\t<\/a>\n\t\t\t\t<\/span>\n\t\t\t\t\t\t\t<span class=\"elementor-grid-item\" role=\"listitem\">\n\t\t\t\t\t<a class=\"elementor-icon elementor-social-icon elementor-social-icon-facebook elementor-repeater-item-3260e65\" href=\"https:\/\/www.facebook.com\/SheratonLima\/\" target=\"_blank\">\n\t\t\t\t\t\t<span class=\"elementor-screen-only\">Facebook<\/span>\n\t\t\t\t\t\t<i aria-hidden=\"true\" class=\"fab fa-facebook\"><\/i>\t\t\t\t\t<\/a>\n\t\t\t\t<\/span>\n\t\t\t\t\t\t\t<span class=\"elementor-grid-item\" role=\"listitem\">\n\t\t\t\t\t<a class=\"elementor-icon elementor-social-icon elementor-social-icon-instagram elementor-repeater-item-6ef83a7\" href=\"https:\/\/www.instagram.com\/sheratonlima\/\" target=\"_blank\">\n\t\t\t\t\t\t<span class=\"elementor-screen-only\">Instagram<\/span>\n\t\t\t\t\t\t<i aria-hidden=\"true\" class=\"fab fa-instagram\"><\/i>\t\t\t\t\t<\/a>\n\t\t\t\t<\/span>\n\t\t\t\t\t\t\t<span class=\"elementor-grid-item\" role=\"listitem\">\n\t\t\t\t\t<a class=\"elementor-icon elementor-social-icon elementor-social-icon-twitter elementor-repeater-item-64983e9\" href=\"https:\/\/twitter.com\/sheratonlima\" target=\"_blank\">\n\t\t\t\t\t\t<span class=\"elementor-screen-only\">Twitter<\/span>\n\t\t\t\t\t\t<i aria-hidden=\"true\" class=\"fab fa-twitter\"><\/i>\t\t\t\t\t<\/a>\n\t\t\t\t<\/span>\n\t\t\t\t\t<\/div>\n\t\t\t\t\t\t<\/div>\n\t\t\t\t<\/div>\n\t\t\t\t<div class=\"elementor-element elementor-element-29e153b elementor-widget elementor-widget-spacer\" data-id=\"29e153b\" data-element_type=\"widget\" data-e-type=\"widget\" data-widget_type=\"spacer.default\">\n\t\t\t\t<div class=\"elementor-widget-container\">\n\t\t\t\t\t\t\t<div class=\"elementor-spacer\">\n\t\t\t<div class=\"elementor-spacer-inner\"><\/div>\n\t\t<\/div>\n\t\t\t\t\t\t<\/div>\n\t\t\t\t<\/div>\n\t\t\t\t\t<\/div>\n\t\t<\/div>\n\t\t\t\t\t<\/div>\n\t\t<\/section>\n\t\t\t\t<\/div>\n\t\t","protected":false},"excerpt":{"rendered":"<p>SHERATON LIMA HISTORIC CENTER &#xE934;&#xE934;&#xE934;&#xE934;&#xE934; 5\/5 \u00a1LOS ESPERAMOS! PASEO DE LA REP\u00daBLICA 170, LIMA, PER\u00da, 15001 Previous Next Visita sus redes sociales para m\u00e1s informaci\u00f3n Dribbble Facebook Instagram Twitter<\/p>\n","protected":false},"author":1,"featured_media":0,"parent":0,"menu_order":0,"comment_status":"closed","ping_status":"closed","template":"","meta":{"footnotes":""},"class_list":["post-1077","page","type-page","status-publish","hentry"],"_links":{"self":[{"href":"https:\/\/pafns2027montevideo.com\/index.php\/wp-json\/wp\/v2\/pages\/1077","targetHints":{"allow":["GET"]}}],"collection":[{"href":"https:\/\/pafns2027montevideo.com\/index.php\/wp-json\/wp\/v2\/pages"}],"about":[{"href":"https:\/\/pafns2027montevideo.com\/index.php\/wp-json\/wp\/v2\/types\/page"}],"author":[{"embeddable":true,"href":"https:\/\/pafns2027montevideo.com\/index.php\/wp-json\/wp\/v2\/users\/1"}],"replies":[{"embeddable":true,"href":"https:\/\/pafns2027montevideo.com\/index.php\/wp-json\/wp\/v2\/comments?post=1077"}],"version-history":[{"count":5,"href":"https:\/\/pafns2027montevideo.com\/index.php\/wp-json\/wp\/v2\/pages\/1077\/revisions"}],"predecessor-version":[{"id":1147,"href":"https:\/\/pafns2027montevideo.com\/index.php\/wp-json\/wp\/v2\/pages\/1077\/revisions\/1147"}],"wp:attachment":[{"href":"https:\/\/pafns2027montevideo.com\/index.php\/wp-json\/wp\/v2\/media?parent=1077"}],"curies":[{"name":"wp","href":"https:\/\/api.w.org\/{rel}","templated":true}]}}