{"id":1067,"date":"2024-01-31T18:05:54","date_gmt":"2024-01-31T18:05:54","guid":{"rendered":"https:\/\/pafnsasuncion2025.com\/?page_id=1067"},"modified":"2024-01-31T18:33:57","modified_gmt":"2024-01-31T18:33:57","slug":"otros-alojamientos-2","status":"publish","type":"page","link":"https:\/\/pafns2027montevideo.com\/index.php\/otros-alojamientos-2\/","title":{"rendered":"Alojamiento en sede 2023"},"content":{"rendered":"<style>.elementor-1067 .elementor-element.elementor-element-2cc68ea8 > .elementor-container{max-width:700px;}.elementor-1067 .elementor-element.elementor-element-2cc68ea8 > .elementor-container > .elementor-column > .elementor-widget-wrap{align-content:center;align-items:center;}.elementor-1067 .elementor-element.elementor-element-2cc68ea8{transition:background 0.3s, border 0.3s, border-radius 0.3s, box-shadow 0.3s;padding:100px 0px 100px 0px;}.elementor-1067 .elementor-element.elementor-element-2cc68ea8 > .elementor-background-overlay{transition:background 0.3s, border-radius 0.3s, opacity 0.3s;}.elementor-1067 .elementor-element.elementor-element-65144ce7{text-align:center;}.elementor-1067 .elementor-element.elementor-element-65144ce7 .elementor-heading-title{font-size:45px;font-weight:600;line-height:1.4em;color:#ffffff;}.elementor-1067 .elementor-element.elementor-element-9ed675d{text-align:center;}.elementor-1067 .elementor-element.elementor-element-9ed675d .elementor-heading-title{font-family:\"Roboto\", Sans-serif;font-size:25px;font-weight:300;color:#FFFFFF;}.elementor-1067 .elementor-element.elementor-element-a415e87{--spacer-size:20px;}.elementor-1067 .elementor-element.elementor-element-73acfd75:not(.elementor-motion-effects-element-type-background) > .elementor-widget-wrap, .elementor-1067 .elementor-element.elementor-element-73acfd75 > .elementor-widget-wrap > .elementor-motion-effects-container > .elementor-motion-effects-layer{background-image:url(\"https:\/\/pafns2027montevideo.com\/wp-content\/uploads\/2023\/03\/SEDE-WEB-scaled.jpg\");background-position:center center;background-size:cover;}.elementor-1067 .elementor-element.elementor-element-73acfd75 > .elementor-element-populated >  .elementor-background-overlay{background-color:#000000;opacity:0.5;}.elementor-1067 .elementor-element.elementor-element-73acfd75 > .elementor-element-populated{transition:background 0.3s, border 0.3s, border-radius 0.3s, box-shadow 0.3s;margin:0px 0px 0px 0px;--e-column-margin-right:0px;--e-column-margin-left:0px;padding:150px 55px 150px 55px;}.elementor-1067 .elementor-element.elementor-element-73acfd75 > .elementor-element-populated > .elementor-background-overlay{transition:background 0.3s, border-radius 0.3s, opacity 0.3s;}.elementor-1067 .elementor-element.elementor-element-412a724{text-align:center;}.elementor-1067 .elementor-element.elementor-element-412a724 .elementor-heading-title{font-family:\"Roboto\", Sans-serif;font-size:38px;font-weight:700;color:#FFFFFF;}.elementor-1067 .elementor-element.elementor-element-bb33b65{text-align:center;}.elementor-1067 .elementor-element.elementor-element-bb33b65 .elementor-star-rating{font-size:26px;}.elementor-1067 .elementor-element.elementor-element-4aac673{text-align:center;}.elementor-1067 .elementor-element.elementor-element-4aac673 .elementor-heading-title{font-family:\"Roboto\", Sans-serif;font-size:27px;font-weight:300;color:#FFFFFF;}.elementor-1067 .elementor-element.elementor-element-2709136{--spacer-size:20px;}.elementor-1067 .elementor-element.elementor-element-0a3e8df{--spacer-size:19px;}.elementor-1067 .elementor-element.elementor-element-702ef46{text-align:center;}.elementor-1067 .elementor-element.elementor-element-702ef46 .elementor-heading-title{font-family:\"Roboto\", Sans-serif;font-size:20px;font-weight:600;}.elementor-1067 .elementor-element.elementor-element-73ddf86{--spacer-size:15px;}.elementor-1067 .elementor-element.elementor-element-6c33349{text-align:center;}.elementor-1067 .elementor-element.elementor-element-6c33349 .elementor-heading-title{font-family:\"Roboto\", Sans-serif;font-size:16px;font-weight:300;color:#000000;}.elementor-1067 .elementor-element.elementor-element-fcba436{--grid-template-columns:repeat(0, auto);--icon-size:18px;--grid-column-gap:5px;--grid-row-gap:0px;}.elementor-1067 .elementor-element.elementor-element-fcba436 .elementor-widget-container{text-align:center;}.elementor-1067 .elementor-element.elementor-element-15961fa{--spacer-size:15px;}.elementor-1067 .elementor-element.elementor-element-7f819ed{--spacer-size:80px;}:root{--page-title-display:none;}@media(max-width:1024px) and (min-width:768px){.elementor-1067 .elementor-element.elementor-element-73acfd75{width:100%;}}@media(max-width:1024px){.elementor-1067 .elementor-element.elementor-element-2cc68ea8{padding:100px 25px 100px 25px;}}@media(max-width:767px){.elementor-1067 .elementor-element.elementor-element-2cc68ea8{padding:50px 20px 50px 20px;}.elementor-1067 .elementor-element.elementor-element-65144ce7 .elementor-heading-title{font-size:30px;}}<\/style>\t\t<div data-elementor-type=\"wp-page\" data-elementor-id=\"1067\" class=\"elementor elementor-1067\" data-elementor-post-type=\"page\">\n\t\t\t\t\t\t<section class=\"elementor-section elementor-top-section elementor-element elementor-element-2cc68ea8 elementor-section-content-middle elementor-section-boxed elementor-section-height-default elementor-section-height-default\" data-id=\"2cc68ea8\" data-element_type=\"section\" data-e-type=\"section\" data-settings=\"{&quot;background_background&quot;:&quot;classic&quot;}\">\n\t\t\t\t\t\t<div class=\"elementor-container elementor-column-gap-no\">\n\t\t\t\t\t<div class=\"elementor-column elementor-col-100 elementor-top-column elementor-element elementor-element-552aa65b\" data-id=\"552aa65b\" data-element_type=\"column\" data-e-type=\"column\">\n\t\t\t<div class=\"elementor-widget-wrap elementor-element-populated\">\n\t\t\t\t\t\t<div class=\"elementor-element elementor-element-65144ce7 elementor-widget elementor-widget-heading\" data-id=\"65144ce7\" data-element_type=\"widget\" data-e-type=\"widget\" data-widget_type=\"heading.default\">\n\t\t\t\t<div class=\"elementor-widget-container\">\n\t\t\t\t\t<h4 class=\"elementor-heading-title elementor-size-default\">ALOJAMIENTO EN SEDE<\/h4>\t\t\t\t<\/div>\n\t\t\t\t<\/div>\n\t\t\t\t<div class=\"elementor-element elementor-element-9ed675d elementor-widget elementor-widget-heading\" data-id=\"9ed675d\" data-element_type=\"widget\" data-e-type=\"widget\" data-widget_type=\"heading.default\">\n\t\t\t\t<div class=\"elementor-widget-container\">\n\t\t\t\t\t<h2 class=\"elementor-heading-title elementor-size-default\">\u00a1Cont\u00e1ctate con nosotros y consulta por las promociones que tenemos para nuestros asistentes en la sede del Congreso!<\/h2>\t\t\t\t<\/div>\n\t\t\t\t<\/div>\n\t\t\t\t\t<\/div>\n\t\t<\/div>\n\t\t\t\t\t<\/div>\n\t\t<\/section>\n\t\t\t\t<section class=\"elementor-section elementor-top-section elementor-element elementor-element-7305b62 elementor-section-boxed elementor-section-height-default elementor-section-height-default\" data-id=\"7305b62\" data-element_type=\"section\" data-e-type=\"section\">\n\t\t\t\t\t\t<div class=\"elementor-container elementor-column-gap-default\">\n\t\t\t\t\t<div class=\"elementor-column elementor-col-100 elementor-top-column elementor-element elementor-element-fdaead1\" data-id=\"fdaead1\" data-element_type=\"column\" data-e-type=\"column\">\n\t\t\t<div class=\"elementor-widget-wrap elementor-element-populated\">\n\t\t\t\t\t\t<div class=\"elementor-element elementor-element-a415e87 elementor-widget elementor-widget-spacer\" data-id=\"a415e87\" data-element_type=\"widget\" data-e-type=\"widget\" data-widget_type=\"spacer.default\">\n\t\t\t\t<div class=\"elementor-widget-container\">\n\t\t\t\t\t\t\t<div class=\"elementor-spacer\">\n\t\t\t<div class=\"elementor-spacer-inner\"><\/div>\n\t\t<\/div>\n\t\t\t\t\t\t<\/div>\n\t\t\t\t<\/div>\n\t\t\t\t\t<\/div>\n\t\t<\/div>\n\t\t\t\t\t<\/div>\n\t\t<\/section>\n\t\t\t\t<section class=\"elementor-section elementor-top-section elementor-element elementor-element-b97bb16 elementor-section-boxed elementor-section-height-default elementor-section-height-default\" data-id=\"b97bb16\" data-element_type=\"section\" data-e-type=\"section\">\n\t\t\t\t\t\t<div class=\"elementor-container elementor-column-gap-default\">\n\t\t\t\t\t<div class=\"elementor-column elementor-col-100 elementor-top-column elementor-element elementor-element-73acfd75\" data-id=\"73acfd75\" data-element_type=\"column\" data-e-type=\"column\" data-settings=\"{&quot;background_background&quot;:&quot;classic&quot;}\">\n\t\t\t<div class=\"elementor-widget-wrap elementor-element-populated\">\n\t\t\t\t\t<div class=\"elementor-background-overlay\"><\/div>\n\t\t\t\t\t\t<div class=\"elementor-element elementor-element-412a724 elementor-widget elementor-widget-heading\" data-id=\"412a724\" data-element_type=\"widget\" data-e-type=\"widget\" data-widget_type=\"heading.default\">\n\t\t\t\t<div class=\"elementor-widget-container\">\n\t\t\t\t\t<h2 class=\"elementor-heading-title elementor-size-default\">Sheraton Lima Historic Center<\/h2>\t\t\t\t<\/div>\n\t\t\t\t<\/div>\n\t\t\t\t<div class=\"elementor-element elementor-element-bb33b65 elementor-star-rating--align-center elementor--star-style-star_fontawesome elementor-widget elementor-widget-star-rating\" data-id=\"bb33b65\" data-element_type=\"widget\" data-e-type=\"widget\" data-widget_type=\"star-rating.default\">\n\t\t\t\t<div class=\"elementor-widget-container\">\n\t\t\t\t\t\t\t<div class=\"elementor-star-rating__wrapper\">\n\t\t\t\t\t\t<div class=\"elementor-star-rating\" itemtype=\"http:\/\/schema.org\/Rating\" itemscope=\"\" itemprop=\"reviewRating\">\n\t\t\t\t<i class=\"elementor-star-full\" aria-hidden=\"true\">&#xE934;<\/i><i class=\"elementor-star-full\" aria-hidden=\"true\">&#xE934;<\/i><i class=\"elementor-star-full\" aria-hidden=\"true\">&#xE934;<\/i><i class=\"elementor-star-full\" aria-hidden=\"true\">&#xE934;<\/i><i class=\"elementor-star-full\" aria-hidden=\"true\">&#xE934;<\/i>\t\t\t\t<span itemprop=\"ratingValue\" class=\"elementor-screen-only\">Rated 5 out of 5<\/span>\n\t\t\t<\/div>\n\t\t<\/div>\n\t\t\t\t\t\t<\/div>\n\t\t\t\t<\/div>\n\t\t\t\t<div class=\"elementor-element elementor-element-4aac673 elementor-widget elementor-widget-heading\" data-id=\"4aac673\" data-element_type=\"widget\" data-e-type=\"widget\" data-widget_type=\"heading.default\">\n\t\t\t\t<div class=\"elementor-widget-container\">\n\t\t\t\t\t<h2 class=\"elementor-heading-title elementor-size-default\">Av. Paseo de la Rep\u00fablica 170, Lima.<\/h2>\t\t\t\t<\/div>\n\t\t\t\t<\/div>\n\t\t\t\t\t<\/div>\n\t\t<\/div>\n\t\t\t\t\t<\/div>\n\t\t<\/section>\n\t\t\t\t<section class=\"elementor-section elementor-top-section elementor-element elementor-element-e23dc74 elementor-section-boxed elementor-section-height-default elementor-section-height-default\" data-id=\"e23dc74\" data-element_type=\"section\" data-e-type=\"section\">\n\t\t\t\t\t\t<div class=\"elementor-container elementor-column-gap-default\">\n\t\t\t\t\t<div class=\"elementor-column elementor-col-100 elementor-top-column elementor-element elementor-element-727a006\" data-id=\"727a006\" data-element_type=\"column\" data-e-type=\"column\">\n\t\t\t<div class=\"elementor-widget-wrap elementor-element-populated\">\n\t\t\t\t\t\t<div class=\"elementor-element elementor-element-2709136 elementor-widget elementor-widget-spacer\" data-id=\"2709136\" data-element_type=\"widget\" data-e-type=\"widget\" data-widget_type=\"spacer.default\">\n\t\t\t\t<div class=\"elementor-widget-container\">\n\t\t\t\t\t\t\t<div class=\"elementor-spacer\">\n\t\t\t<div class=\"elementor-spacer-inner\"><\/div>\n\t\t<\/div>\n\t\t\t\t\t\t<\/div>\n\t\t\t\t<\/div>\n\t\t\t\t\t<\/div>\n\t\t<\/div>\n\t\t\t\t\t<\/div>\n\t\t<\/section>\n\t\t\t\t<section class=\"elementor-section elementor-top-section elementor-element elementor-element-6623d14 elementor-section-boxed elementor-section-height-default elementor-section-height-default\" data-id=\"6623d14\" data-element_type=\"section\" data-e-type=\"section\">\n\t\t\t\t\t\t<div class=\"elementor-container elementor-column-gap-default\">\n\t\t\t\t\t<div class=\"elementor-column elementor-col-33 elementor-top-column elementor-element elementor-element-5b50e7b\" data-id=\"5b50e7b\" data-element_type=\"column\" data-e-type=\"column\">\n\t\t\t<div class=\"elementor-widget-wrap elementor-element-populated\">\n\t\t\t\t\t\t<div class=\"elementor-element elementor-element-0345039 elementor-widget elementor-widget-image\" data-id=\"0345039\" data-element_type=\"widget\" data-e-type=\"widget\" data-widget_type=\"image.default\">\n\t\t\t\t<div class=\"elementor-widget-container\">\n\t\t\t\t\t\t\t\t\t\t\t\t\t\t\t<img fetchpriority=\"high\" decoding=\"async\" width=\"800\" height=\"534\" src=\"https:\/\/pafns2027montevideo.com\/wp-content\/uploads\/2023\/03\/305975414.jpg\" class=\"attachment-large size-large wp-image-722\" alt=\"\" srcset=\"https:\/\/pafns2027montevideo.com\/wp-content\/uploads\/2023\/03\/305975414.jpg 1024w, https:\/\/pafns2027montevideo.com\/wp-content\/uploads\/2023\/03\/305975414-300x200.jpg 300w, https:\/\/pafns2027montevideo.com\/wp-content\/uploads\/2023\/03\/305975414-768x512.jpg 768w\" sizes=\"(max-width: 800px) 100vw, 800px\" \/>\t\t\t\t\t\t\t\t\t\t\t\t\t\t\t<\/div>\n\t\t\t\t<\/div>\n\t\t\t\t<div class=\"elementor-element elementor-element-dd5b76e elementor-widget elementor-widget-image\" data-id=\"dd5b76e\" data-element_type=\"widget\" data-e-type=\"widget\" data-widget_type=\"image.default\">\n\t\t\t\t<div class=\"elementor-widget-container\">\n\t\t\t\t\t\t\t\t\t\t\t\t\t\t\t<img decoding=\"async\" width=\"550\" height=\"309\" src=\"https:\/\/pafns2027montevideo.com\/wp-content\/uploads\/2023\/03\/sheraton-lima-hotel-convention.jpg\" class=\"attachment-large size-large wp-image-734\" alt=\"\" srcset=\"https:\/\/pafns2027montevideo.com\/wp-content\/uploads\/2023\/03\/sheraton-lima-hotel-convention.jpg 550w, https:\/\/pafns2027montevideo.com\/wp-content\/uploads\/2023\/03\/sheraton-lima-hotel-convention-300x169.jpg 300w\" sizes=\"(max-width: 550px) 100vw, 550px\" \/>\t\t\t\t\t\t\t\t\t\t\t\t\t\t\t<\/div>\n\t\t\t\t<\/div>\n\t\t\t\t<div class=\"elementor-element elementor-element-62fcaa1 elementor-widget elementor-widget-image\" data-id=\"62fcaa1\" data-element_type=\"widget\" data-e-type=\"widget\" data-widget_type=\"image.default\">\n\t\t\t\t<div class=\"elementor-widget-container\">\n\t\t\t\t\t\t\t\t\t\t\t\t\t\t\t<img decoding=\"async\" width=\"800\" height=\"534\" src=\"https:\/\/pafns2027montevideo.com\/wp-content\/uploads\/2023\/03\/343347320.jpg\" class=\"attachment-large size-large wp-image-723\" alt=\"\" srcset=\"https:\/\/pafns2027montevideo.com\/wp-content\/uploads\/2023\/03\/343347320.jpg 1024w, https:\/\/pafns2027montevideo.com\/wp-content\/uploads\/2023\/03\/343347320-300x200.jpg 300w, https:\/\/pafns2027montevideo.com\/wp-content\/uploads\/2023\/03\/343347320-768x512.jpg 768w\" sizes=\"(max-width: 800px) 100vw, 800px\" \/>\t\t\t\t\t\t\t\t\t\t\t\t\t\t\t<\/div>\n\t\t\t\t<\/div>\n\t\t\t\t\t<\/div>\n\t\t<\/div>\n\t\t\t\t<div class=\"elementor-column elementor-col-33 elementor-top-column elementor-element elementor-element-ae5d04a\" data-id=\"ae5d04a\" data-element_type=\"column\" data-e-type=\"column\">\n\t\t\t<div class=\"elementor-widget-wrap elementor-element-populated\">\n\t\t\t\t\t\t<div class=\"elementor-element elementor-element-94a4c74 elementor-widget elementor-widget-google_maps\" data-id=\"94a4c74\" data-element_type=\"widget\" data-e-type=\"widget\" data-widget_type=\"google_maps.default\">\n\t\t\t\t<div class=\"elementor-widget-container\">\n\t\t\t\t\t\t\t<div class=\"elementor-custom-embed\">\n\t\t\t<iframe loading=\"lazy\"\n\t\t\t\t\tsrc=\"https:\/\/maps.google.com\/maps?q=Paseo%20de%20la%20Rep%C3%BAblica%20170%2C%20Lima%20&#038;t=m&#038;z=15&#038;output=embed&#038;iwloc=near\"\n\t\t\t\t\ttitle=\"Paseo de la Rep\u00fablica 170, Lima \"\n\t\t\t\t\taria-label=\"Paseo de la Rep\u00fablica 170, Lima \"\n\t\t\t><\/iframe>\n\t\t<\/div>\n\t\t\t\t\t\t<\/div>\n\t\t\t\t<\/div>\n\t\t\t\t<div class=\"elementor-element elementor-element-0a3e8df elementor-widget elementor-widget-spacer\" data-id=\"0a3e8df\" data-element_type=\"widget\" data-e-type=\"widget\" data-widget_type=\"spacer.default\">\n\t\t\t\t<div class=\"elementor-widget-container\">\n\t\t\t\t\t\t\t<div class=\"elementor-spacer\">\n\t\t\t<div class=\"elementor-spacer-inner\"><\/div>\n\t\t<\/div>\n\t\t\t\t\t\t<\/div>\n\t\t\t\t<\/div>\n\t\t\t\t<div class=\"elementor-element elementor-element-702ef46 elementor-widget elementor-widget-heading\" data-id=\"702ef46\" data-element_type=\"widget\" data-e-type=\"widget\" data-widget_type=\"heading.default\">\n\t\t\t\t<div class=\"elementor-widget-container\">\n\t\t\t\t\t<h2 class=\"elementor-heading-title elementor-size-default\">\u00a1Consulta con nosotros las tarifas promocionales que contamos para los asistentes al Congreso de Neurolog\u00eda 2023!<\/h2>\t\t\t\t<\/div>\n\t\t\t\t<\/div>\n\t\t\t\t<div class=\"elementor-element elementor-element-2f7519b elementor-align-center elementor-widget elementor-widget-button\" data-id=\"2f7519b\" data-element_type=\"widget\" data-e-type=\"widget\" data-widget_type=\"button.default\">\n\t\t\t\t<div class=\"elementor-widget-container\">\n\t\t\t\t\t\t\t\t\t<div class=\"elementor-button-wrapper\">\n\t\t\t\t\t<a class=\"elementor-button elementor-button-link elementor-size-sm\" href=\"mailto:lima.reservations@sheraton.com\">\n\t\t\t\t\t\t<span class=\"elementor-button-content-wrapper\">\n\t\t\t\t\t\t\t\t\t<span class=\"elementor-button-text\">CONT\u00c1CTANOS AQU\u00cd<\/span>\n\t\t\t\t\t<\/span>\n\t\t\t\t\t<\/a>\n\t\t\t\t<\/div>\n\t\t\t\t\t\t\t\t<\/div>\n\t\t\t\t<\/div>\n\t\t\t\t<div class=\"elementor-element elementor-element-73ddf86 elementor-widget elementor-widget-spacer\" data-id=\"73ddf86\" data-element_type=\"widget\" data-e-type=\"widget\" data-widget_type=\"spacer.default\">\n\t\t\t\t<div class=\"elementor-widget-container\">\n\t\t\t\t\t\t\t<div class=\"elementor-spacer\">\n\t\t\t<div class=\"elementor-spacer-inner\"><\/div>\n\t\t<\/div>\n\t\t\t\t\t\t<\/div>\n\t\t\t\t<\/div>\n\t\t\t\t<div class=\"elementor-element elementor-element-6c33349 elementor-widget elementor-widget-heading\" data-id=\"6c33349\" data-element_type=\"widget\" data-e-type=\"widget\" data-widget_type=\"heading.default\">\n\t\t\t\t<div class=\"elementor-widget-container\">\n\t\t\t\t\t<h2 class=\"elementor-heading-title elementor-size-default\">Visita sus redes sociales:<\/h2>\t\t\t\t<\/div>\n\t\t\t\t<\/div>\n\t\t\t\t<div class=\"elementor-element elementor-element-fcba436 elementor-shape-circle elementor-grid-0 e-grid-align-center elementor-widget elementor-widget-social-icons\" data-id=\"fcba436\" data-element_type=\"widget\" data-e-type=\"widget\" data-widget_type=\"social-icons.default\">\n\t\t\t\t<div class=\"elementor-widget-container\">\n\t\t\t\t\t\t\t<div class=\"elementor-social-icons-wrapper elementor-grid\" role=\"list\">\n\t\t\t\t\t\t\t<span class=\"elementor-grid-item\" role=\"listitem\">\n\t\t\t\t\t<a class=\"elementor-icon elementor-social-icon elementor-social-icon-dribbble elementor-repeater-item-7bd2591\" href=\"https:\/\/www.marriott.com\/es\/hotels\/limsi-sheraton-lima-historic-center\/overview\/\" target=\"_blank\">\n\t\t\t\t\t\t<span class=\"elementor-screen-only\">Dribbble<\/span>\n\t\t\t\t\t\t<i aria-hidden=\"true\" class=\"fab fa-dribbble\"><\/i>\t\t\t\t\t<\/a>\n\t\t\t\t<\/span>\n\t\t\t\t\t\t\t<span class=\"elementor-grid-item\" role=\"listitem\">\n\t\t\t\t\t<a class=\"elementor-icon elementor-social-icon elementor-social-icon-facebook elementor-repeater-item-d77ca02\" href=\"https:\/\/www.facebook.com\/SheratonLima\/\" target=\"_blank\">\n\t\t\t\t\t\t<span class=\"elementor-screen-only\">Facebook<\/span>\n\t\t\t\t\t\t<i aria-hidden=\"true\" class=\"fab fa-facebook\"><\/i>\t\t\t\t\t<\/a>\n\t\t\t\t<\/span>\n\t\t\t\t\t\t\t<span class=\"elementor-grid-item\" role=\"listitem\">\n\t\t\t\t\t<a class=\"elementor-icon elementor-social-icon elementor-social-icon-instagram elementor-repeater-item-d18913f\" href=\"https:\/\/www.instagram.com\/sheratonlima\/\" target=\"_blank\">\n\t\t\t\t\t\t<span class=\"elementor-screen-only\">Instagram<\/span>\n\t\t\t\t\t\t<i aria-hidden=\"true\" class=\"fab fa-instagram\"><\/i>\t\t\t\t\t<\/a>\n\t\t\t\t<\/span>\n\t\t\t\t\t\t\t<span class=\"elementor-grid-item\" role=\"listitem\">\n\t\t\t\t\t<a class=\"elementor-icon elementor-social-icon elementor-social-icon-twitter elementor-repeater-item-ffe26cd\" href=\"https:\/\/twitter.com\/sheratonlima\" target=\"_blank\">\n\t\t\t\t\t\t<span class=\"elementor-screen-only\">Twitter<\/span>\n\t\t\t\t\t\t<i aria-hidden=\"true\" class=\"fab fa-twitter\"><\/i>\t\t\t\t\t<\/a>\n\t\t\t\t<\/span>\n\t\t\t\t\t\t\t<span class=\"elementor-grid-item\" role=\"listitem\">\n\t\t\t\t\t<a class=\"elementor-icon elementor-social-icon elementor-social-icon-tripadvisor elementor-repeater-item-6c88a0d\" href=\"https:\/\/www.tripadvisor.com.pe\/Hotel_Review-g294316-d304504-Reviews-Sheraton_Lima_Historic_Center-Lima_Lima_Region.html?m=19905\" target=\"_blank\">\n\t\t\t\t\t\t<span class=\"elementor-screen-only\">Tripadvisor<\/span>\n\t\t\t\t\t\t<i aria-hidden=\"true\" class=\"fab fa-tripadvisor\"><\/i>\t\t\t\t\t<\/a>\n\t\t\t\t<\/span>\n\t\t\t\t\t<\/div>\n\t\t\t\t\t\t<\/div>\n\t\t\t\t<\/div>\n\t\t\t\t<div class=\"elementor-element elementor-element-15961fa elementor-widget elementor-widget-spacer\" data-id=\"15961fa\" data-element_type=\"widget\" data-e-type=\"widget\" data-widget_type=\"spacer.default\">\n\t\t\t\t<div class=\"elementor-widget-container\">\n\t\t\t\t\t\t\t<div class=\"elementor-spacer\">\n\t\t\t<div class=\"elementor-spacer-inner\"><\/div>\n\t\t<\/div>\n\t\t\t\t\t\t<\/div>\n\t\t\t\t<\/div>\n\t\t\t\t\t<\/div>\n\t\t<\/div>\n\t\t\t\t<div class=\"elementor-column elementor-col-33 elementor-top-column elementor-element elementor-element-6c076ed\" data-id=\"6c076ed\" data-element_type=\"column\" data-e-type=\"column\">\n\t\t\t<div class=\"elementor-widget-wrap elementor-element-populated\">\n\t\t\t\t\t\t<div class=\"elementor-element elementor-element-897928f elementor-widget elementor-widget-image\" data-id=\"897928f\" data-element_type=\"widget\" data-e-type=\"widget\" data-widget_type=\"image.default\">\n\t\t\t\t<div class=\"elementor-widget-container\">\n\t\t\t\t\t\t\t\t\t\t\t\t\t\t\t<img loading=\"lazy\" decoding=\"async\" width=\"800\" height=\"465\" src=\"https:\/\/pafns2027montevideo.com\/wp-content\/uploads\/2023\/03\/305975236.jpg\" class=\"attachment-large size-large wp-image-721\" alt=\"\" srcset=\"https:\/\/pafns2027montevideo.com\/wp-content\/uploads\/2023\/03\/305975236.jpg 1024w, https:\/\/pafns2027montevideo.com\/wp-content\/uploads\/2023\/03\/305975236-300x174.jpg 300w, https:\/\/pafns2027montevideo.com\/wp-content\/uploads\/2023\/03\/305975236-768x446.jpg 768w\" sizes=\"(max-width: 800px) 100vw, 800px\" \/>\t\t\t\t\t\t\t\t\t\t\t\t\t\t\t<\/div>\n\t\t\t\t<\/div>\n\t\t\t\t<div class=\"elementor-element elementor-element-8c17037 elementor-widget elementor-widget-image\" data-id=\"8c17037\" data-element_type=\"widget\" data-e-type=\"widget\" data-widget_type=\"image.default\">\n\t\t\t\t<div class=\"elementor-widget-container\">\n\t\t\t\t\t\t\t\t\t\t\t\t\t\t\t<img loading=\"lazy\" decoding=\"async\" width=\"800\" height=\"534\" src=\"https:\/\/pafns2027montevideo.com\/wp-content\/uploads\/2023\/03\/356324566.jpg\" class=\"attachment-large size-large wp-image-726\" alt=\"\" srcset=\"https:\/\/pafns2027montevideo.com\/wp-content\/uploads\/2023\/03\/356324566.jpg 1024w, https:\/\/pafns2027montevideo.com\/wp-content\/uploads\/2023\/03\/356324566-300x200.jpg 300w, https:\/\/pafns2027montevideo.com\/wp-content\/uploads\/2023\/03\/356324566-768x512.jpg 768w\" sizes=\"(max-width: 800px) 100vw, 800px\" \/>\t\t\t\t\t\t\t\t\t\t\t\t\t\t\t<\/div>\n\t\t\t\t<\/div>\n\t\t\t\t<div class=\"elementor-element elementor-element-89af5c4 elementor-widget elementor-widget-image\" data-id=\"89af5c4\" data-element_type=\"widget\" data-e-type=\"widget\" data-widget_type=\"image.default\">\n\t\t\t\t<div class=\"elementor-widget-container\">\n\t\t\t\t\t\t\t\t\t\t\t\t\t\t\t<img loading=\"lazy\" decoding=\"async\" width=\"800\" height=\"534\" src=\"https:\/\/pafns2027montevideo.com\/wp-content\/uploads\/2023\/03\/343347323.jpg\" class=\"attachment-large size-large wp-image-724\" alt=\"\" srcset=\"https:\/\/pafns2027montevideo.com\/wp-content\/uploads\/2023\/03\/343347323.jpg 1024w, https:\/\/pafns2027montevideo.com\/wp-content\/uploads\/2023\/03\/343347323-300x200.jpg 300w, https:\/\/pafns2027montevideo.com\/wp-content\/uploads\/2023\/03\/343347323-768x512.jpg 768w\" sizes=\"(max-width: 800px) 100vw, 800px\" \/>\t\t\t\t\t\t\t\t\t\t\t\t\t\t\t<\/div>\n\t\t\t\t<\/div>\n\t\t\t\t\t<\/div>\n\t\t<\/div>\n\t\t\t\t\t<\/div>\n\t\t<\/section>\n\t\t\t\t<section class=\"elementor-section elementor-top-section elementor-element elementor-element-4b64378 elementor-section-boxed elementor-section-height-default elementor-section-height-default\" data-id=\"4b64378\" data-element_type=\"section\" data-e-type=\"section\">\n\t\t\t\t\t\t<div class=\"elementor-container elementor-column-gap-default\">\n\t\t\t\t\t<div class=\"elementor-column elementor-col-100 elementor-top-column elementor-element elementor-element-4cf7eb1\" data-id=\"4cf7eb1\" data-element_type=\"column\" data-e-type=\"column\">\n\t\t\t<div class=\"elementor-widget-wrap elementor-element-populated\">\n\t\t\t\t\t\t<div class=\"elementor-element elementor-element-7f819ed elementor-widget elementor-widget-spacer\" data-id=\"7f819ed\" data-element_type=\"widget\" data-e-type=\"widget\" data-widget_type=\"spacer.default\">\n\t\t\t\t<div class=\"elementor-widget-container\">\n\t\t\t\t\t\t\t<div class=\"elementor-spacer\">\n\t\t\t<div class=\"elementor-spacer-inner\"><\/div>\n\t\t<\/div>\n\t\t\t\t\t\t<\/div>\n\t\t\t\t<\/div>\n\t\t\t\t\t<\/div>\n\t\t<\/div>\n\t\t\t\t\t<\/div>\n\t\t<\/section>\n\t\t\t\t<\/div>\n\t\t","protected":false},"excerpt":{"rendered":"<p>ALOJAMIENTO EN SEDE \u00a1Cont\u00e1ctate con nosotros y consulta por las promociones que tenemos para nuestros asistentes en la sede del Congreso! Sheraton Lima Historic Center &#xE934;&#xE934;&#xE934;&#xE934;&#xE934; 5\/5 Av. Paseo de la Rep\u00fablica 170, Lima. \u00a1Consulta con nosotros las tarifas promocionales que contamos para los asistentes al Congreso de Neurolog\u00eda 2023! CONT\u00c1CTANOS AQU\u00cd Visita sus redes [&hellip;]<\/p>\n","protected":false},"author":1,"featured_media":0,"parent":0,"menu_order":0,"comment_status":"closed","ping_status":"closed","template":"","meta":{"footnotes":""},"class_list":["post-1067","page","type-page","status-publish","hentry"],"_links":{"self":[{"href":"https:\/\/pafns2027montevideo.com\/index.php\/wp-json\/wp\/v2\/pages\/1067","targetHints":{"allow":["GET"]}}],"collection":[{"href":"https:\/\/pafns2027montevideo.com\/index.php\/wp-json\/wp\/v2\/pages"}],"about":[{"href":"https:\/\/pafns2027montevideo.com\/index.php\/wp-json\/wp\/v2\/types\/page"}],"author":[{"embeddable":true,"href":"https:\/\/pafns2027montevideo.com\/index.php\/wp-json\/wp\/v2\/users\/1"}],"replies":[{"embeddable":true,"href":"https:\/\/pafns2027montevideo.com\/index.php\/wp-json\/wp\/v2\/comments?post=1067"}],"version-history":[{"count":5,"href":"https:\/\/pafns2027montevideo.com\/index.php\/wp-json\/wp\/v2\/pages\/1067\/revisions"}],"predecessor-version":[{"id":1138,"href":"https:\/\/pafns2027montevideo.com\/index.php\/wp-json\/wp\/v2\/pages\/1067\/revisions\/1138"}],"wp:attachment":[{"href":"https:\/\/pafns2027montevideo.com\/index.php\/wp-json\/wp\/v2\/media?parent=1067"}],"curies":[{"name":"wp","href":"https:\/\/api.w.org\/{rel}","templated":true}]}}